{"id":20530,"date":"2016-11-22T04:43:24","date_gmt":"2016-11-22T02:43:24","guid":{"rendered":"https:\/\/colemont.lt\/?post_type=product&#038;p=20530"},"modified":"2024-04-11T10:27:05","modified_gmt":"2024-04-11T07:27:05","slug":"apdrosinasana-medniekiem","status":"publish","type":"product","link":"https:\/\/colemont.lt\/lv\/product\/apdrosinasana-medniekiem\/","title":{"rendered":"Apdro\u0161in\u0101\u0161ana medniekiem"},"content":{"rendered":"<div class=\"wpb-content-wrapper\"><p>[vc_row force_equal_height_columns=&#8221;main_row&#8221;][vc_column col_shadow=&#8221;box_shadow_enable:disable|shadow_horizontal:0|shadow_vertical:15|shadow_blur:50|shadow_spread:0|box_shadow_color:rgba(0%2C0%2C0%2C0.35)&#8221; col_shadow_hover=&#8221;box_shadow_enable:disable|shadow_horizontal:0|shadow_vertical:15|shadow_blur:50|shadow_spread:0|box_shadow_color:rgba(0%2C0%2C0%2C0.35)&#8221;][mvc_advanced_button align=&#8221;center&#8221; btn_text=&#8221;Sa\u0146emiet apdro\u0161in\u0101\u0161anas pied\u0101v\u0101jumu&#8221; btn_block=&#8221;btn_block&#8221; border_style=&#8221;solid&#8221; border_width=&#8221;1&#8243; use_theme_fonts=&#8221;yes&#8221; btn_icon=&#8221;far fa-file-pdf&#8221; btn_url=&#8221;url:https%3A%2F%2Fapp.smartsheet.com%2Fb%2Fform%2Fd9e8d089b0594b4193742aa3db48e2f6&#8243; btn_clr=&#8221;#ffffff&#8221; btn_bg=&#8221;#002246&#8243; btn_hvrclr=&#8221;#ffffff&#8221; btn_hvrbg=&#8221;rgba(0,34,70,0.5)&#8221; btn_border=&#8221;#dddddd&#8221; caption_url=&#8221;&#8221; caption_urls=&#8221;&#8221; caption_urlss=&#8221;&#8221;]<div class=\"dfd-spacer-module\"  data-units=\"px\" data-wide_resolution=\"1280\" data-wide_size=\"40\" data-normal_resolution=\"1024\" data-normal_size=\"30\" data-tablet_resolution=\"800\" data-tablet_size=\"20\" data-mobile_resolution=\"480\" data-mobile_size=\"16\" style=\"height: 40px;\"><\/div>[\/vc_column][\/vc_row][vc_row force_equal_height_columns=&#8221;main_row&#8221; mobile_destroy_equal_heights=&#8221;yes&#8221;][vc_column width=&#8221;1\/3&#8243;][vc_column_text]<\/p>\n<h5 style=\"text-align: center;\"><strong>Ieguvumi<\/strong><\/h5>\n<p>[\/vc_column_text][\/vc_column][vc_column width=&#8221;2\/3&#8243;][vc_column_text]<\/p>\n<ul>\n<li>Kait\u0113juma, kas radies med\u012bbu vad\u012bt\u0101ja pien\u0101kumu nepien\u0101c\u012bgas pild\u012b\u0161anas d\u0113\u013c, atl\u012bdzin\u0101\u0161ana<\/li>\n<li>Tre\u0161o personu vesel\u012bbai un \u012bpa\u0161umam nodar\u012bt\u0101 kait\u0113juma atl\u012bdzin\u0101\u0161ana<\/li>\n<li>Citu mednieku vesel\u012bbai un \u012bpa\u0161umam nodar\u012bt\u0101 kait\u0113juma atl\u012bdzin\u0101\u0161ana<\/li>\n<li>Medniekiem un citiem med\u012bbu dal\u012bbniekiem nodar\u012bt\u0101 kait\u0113juma atl\u012bdzin\u0101\u0161ana<\/li>\n<\/ul>\n<p>[\/vc_column_text][\/vc_column][\/vc_row][vc_row][vc_column][vc_raw_html]JTNDaHIlM0U=[\/vc_raw_html][\/vc_column][\/vc_row][vc_row force_equal_height_columns=&#8221;main_row&#8221; mobile_destroy_equal_heights=&#8221;yes&#8221;][vc_column width=&#8221;1\/3&#8243;][vc_column_text]<\/p>\n<h5 style=\"text-align: center;\"><strong>K\u0101p\u0113c jums vajadz\u0113tu par\u016bp\u0113ties par apdro\u0161in\u0101\u0161anu?<\/strong><\/h5>\n<p>[\/vc_column_text][\/vc_column][vc_column width=&#8221;2\/3&#8243;][vc_column_text]<\/p>\n<ul>\n<li>Ja k\u0101da persona g\u016bst traumu, vain\u012bgajam ir j\u0101kompens\u0113 \u0101rst\u0113\u0161an\u0101s izmaksas un izmaks\u0101tie invalidit\u0101tes pabalsti. \u0160o izmaksu atl\u012bdzin\u0101\u0161anu piepras\u012bs Slimokase vai citas iest\u0101des.<\/li>\n<li>Ja med\u012bbu laik\u0101 esat nejau\u0161i no\u0161\u0101vis lauksaimnieka m\u0101jlopu.<\/li>\n<li>Ja med\u012bbu laik\u0101 j\u016bs ievainojat med\u012bbu dal\u012bbnieku vai savainojaties pats.<\/li>\n<li>Ja j\u016bs, k\u0101 med\u012bbu vad\u012bt\u0101js, esat nepareizi interpret\u0113jis med\u012bbu norisi, noteikumus, k\u0101rt\u012bbu, vai nepien\u0101c\u012bgi izpild\u012bjis savus med\u012bbu vad\u012bt\u0101ja pien\u0101kumus, un \u0161o darb\u012bbu rezult\u0101t\u0101 ir cietu\u0161i mednieki vai citas personas, vai ir nodar\u012bts kait\u0113jums vi\u0146u \u012bpa\u0161umam.<\/li>\n<\/ul>\n<p>[\/vc_column_text][\/vc_column][\/vc_row][vc_row][vc_column][vc_raw_html]JTNDaHIlM0U=[\/vc_raw_html][\/vc_column][\/vc_row][vc_row force_equal_height_columns=&#8221;main_row&#8221; mobile_destroy_equal_heights=&#8221;yes&#8221;][vc_column width=&#8221;1\/3&#8243;][vc_column_text]<\/p>\n<h5 style=\"text-align: center;\"><strong>Apdro\u0161in\u0101\u0161anas pr\u0113mija gad\u0101<\/strong><\/h5>\n<p>[\/vc_column_text][\/vc_column][vc_column width=&#8221;2\/3&#8243;][vc_column_text]<\/p>\n<ul>\n<li><strong>45\u00a0EUR vienai personai (LATVIJAS teritorij\u0101)<\/strong><\/li>\n<li><strong>180\u00a0EUR vienai personai (Eiropas teritorij\u0101)<\/strong><\/li>\n<\/ul>\n<p>[\/vc_column_text][\/vc_column][\/vc_row][vc_row][vc_column]<div class=\"dfd-spacer-module\"  data-units=\"px\" data-wide_resolution=\"1280\" data-wide_size=\"40\" data-normal_resolution=\"1024\" data-normal_size=\"30\" data-tablet_resolution=\"800\" data-tablet_size=\"20\" data-mobile_resolution=\"480\" data-mobile_size=\"16\" style=\"height: 40px;\"><\/div>[mvc_advanced_button align=&#8221;center&#8221; btn_text=&#8221;Sa\u0146emiet apdro\u0161in\u0101\u0161anas pied\u0101v\u0101jumu&#8221; btn_block=&#8221;btn_block&#8221; border_style=&#8221;solid&#8221; border_width=&#8221;1&#8243; use_theme_fonts=&#8221;yes&#8221; btn_icon=&#8221;far fa-file-pdf&#8221; btn_url=&#8221;url:https%3A%2F%2Fapp.smartsheet.com%2Fb%2Fform%2Fd9e8d089b0594b4193742aa3db48e2f6&#8243; btn_clr=&#8221;#ffffff&#8221; btn_bg=&#8221;#002246&#8243; btn_hvrclr=&#8221;#ffffff&#8221; btn_hvrbg=&#8221;rgba(0,34,70,0.5)&#8221; btn_border=&#8221;#dddddd&#8221; caption_url=&#8221;&#8221; caption_urls=&#8221;&#8221; caption_urlss=&#8221;&#8221;]<div class=\"dfd-spacer-module\"  data-units=\"px\" data-wide_resolution=\"1280\" data-wide_size=\"40\" data-normal_resolution=\"1024\" data-normal_size=\"30\" data-tablet_resolution=\"800\" data-tablet_size=\"20\" data-mobile_resolution=\"480\" data-mobile_size=\"16\" style=\"height: 40px;\"><\/div>[\/vc_column][\/vc_row]<\/p>\n<\/div>","protected":false},"excerpt":{"rendered":"<p>Unik\u0101ls apdro\u0161in\u0101\u0161anas risin\u0101jums medniekiem tie\u0161i no pasaul\u0113 slaven\u0101k\u0101s apdro\u0161in\u0101\u0161anas organiz\u0101cijas Lloyd&#8217;s. Apdro\u0161in\u0101\u0161ana medniekiem\/med\u012bbu vad\u012bt\u0101jiem Civiltiesisk\u0101s atbild\u012bbas apdro\u0161in\u0101\u0161ana, limits l\u012bdz 2 000 000 EUR<\/p>\n","protected":false},"featured_media":22444,"template":"","meta":{"_acf_changed":false,"content-type":"","inline_featured_image":false},"product_brand":[],"product_cat":[],"product_tag":[],"class_list":{"0":"post-20530","1":"product","2":"type-product","3":"status-publish","4":"has-post-thumbnail","7":"first","8":"instock","9":"shipping-taxable","10":"product-type-simple"},"acf":[],"yoast_head":"<!-- This site is optimized with the Yoast SEO plugin v24.2 - https:\/\/yoast.com\/wordpress\/plugins\/seo\/ -->\n<title>Apdro\u0161in\u0101\u0161ana Medniekiem - Colemont Apdro\u0161in\u0101\u0161anas brokeris<\/title>\n<meta name=\"description\" content=\"Apdro\u0161in\u0101\u0161ana medniekiem\/med\u012bbu vad\u012bt\u0101jiem Civiltiesisk\u0101s atbild\u012bbas apdro\u0161in\u0101\u0161ana, limits l\u012bdz 2 000 000 EUR\" \/>\n<meta name=\"robots\" content=\"index, follow, max-snippet:-1, max-image-preview:large, max-video-preview:-1\" \/>\n<link rel=\"canonical\" href=\"https:\/\/colemont.lt\/lv\/product\/apdrosinasana-medniekiem\/\" \/>\n<meta property=\"og:locale\" content=\"lv_LV\" \/>\n<meta property=\"og:type\" content=\"article\" \/>\n<meta property=\"og:title\" content=\"Apdro\u0161in\u0101\u0161ana Medniekiem - Colemont Apdro\u0161in\u0101\u0161anas brokeris\" \/>\n<meta property=\"og:description\" content=\"Apdro\u0161in\u0101\u0161ana medniekiem\/med\u012bbu vad\u012bt\u0101jiem Civiltiesisk\u0101s atbild\u012bbas apdro\u0161in\u0101\u0161ana, limits l\u012bdz 2 000 000 EUR\" \/>\n<meta property=\"og:url\" content=\"https:\/\/colemont.lt\/lv\/product\/apdrosinasana-medniekiem\/\" \/>\n<meta property=\"og:site_name\" content=\"Colemont\" \/>\n<meta property=\"article:publisher\" content=\"https:\/\/www.facebook.com\/Colemont-Draudimo-Brokeris-1210664089020340\/\" \/>\n<meta property=\"article:modified_time\" content=\"2024-04-11T07:27:05+00:00\" \/>\n<meta property=\"og:image\" content=\"https:\/\/colemont.lt\/wp-content\/uploads\/2016\/11\/medziototju.jpg\" \/>\n\t<meta property=\"og:image:width\" content=\"840\" \/>\n\t<meta property=\"og:image:height\" content=\"630\" \/>\n\t<meta property=\"og:image:type\" content=\"image\/jpeg\" \/>\n<script type=\"application\/ld+json\" class=\"yoast-schema-graph\">{\"@context\":\"https:\/\/schema.org\",\"@graph\":[{\"@type\":\"WebPage\",\"@id\":\"https:\/\/colemont.lt\/lv\/product\/apdrosinasana-medniekiem\/\",\"url\":\"https:\/\/colemont.lt\/lv\/product\/apdrosinasana-medniekiem\/\",\"name\":\"Apdro\u0161in\u0101\u0161ana Medniekiem - Colemont Apdro\u0161in\u0101\u0161anas brokeris\",\"isPartOf\":{\"@id\":\"https:\/\/colemont.lt\/lv\/#website\"},\"primaryImageOfPage\":{\"@id\":\"https:\/\/colemont.lt\/lv\/product\/apdrosinasana-medniekiem\/#primaryimage\"},\"image\":{\"@id\":\"https:\/\/colemont.lt\/lv\/product\/apdrosinasana-medniekiem\/#primaryimage\"},\"thumbnailUrl\":\"https:\/\/colemont.lt\/wp-content\/uploads\/2016\/11\/medziototju.jpg\",\"datePublished\":\"2016-11-22T02:43:24+00:00\",\"dateModified\":\"2024-04-11T07:27:05+00:00\",\"description\":\"Apdro\u0161in\u0101\u0161ana medniekiem\/med\u012bbu vad\u012bt\u0101jiem Civiltiesisk\u0101s atbild\u012bbas apdro\u0161in\u0101\u0161ana, limits l\u012bdz 2 000 000 EUR\",\"breadcrumb\":{\"@id\":\"https:\/\/colemont.lt\/lv\/product\/apdrosinasana-medniekiem\/#breadcrumb\"},\"inLanguage\":\"lv-LV\",\"potentialAction\":[{\"@type\":\"ReadAction\",\"target\":[\"https:\/\/colemont.lt\/lv\/product\/apdrosinasana-medniekiem\/\"]}]},{\"@type\":\"ImageObject\",\"inLanguage\":\"lv-LV\",\"@id\":\"https:\/\/colemont.lt\/lv\/product\/apdrosinasana-medniekiem\/#primaryimage\",\"url\":\"https:\/\/colemont.lt\/wp-content\/uploads\/2016\/11\/medziototju.jpg\",\"contentUrl\":\"https:\/\/colemont.lt\/wp-content\/uploads\/2016\/11\/medziototju.jpg\",\"width\":840,\"height\":630},{\"@type\":\"BreadcrumbList\",\"@id\":\"https:\/\/colemont.lt\/lv\/product\/apdrosinasana-medniekiem\/#breadcrumb\",\"itemListElement\":[{\"@type\":\"ListItem\",\"position\":1,\"name\":\"Home\",\"item\":\"https:\/\/colemont.lt\/lv\/\"},{\"@type\":\"ListItem\",\"position\":2,\"name\":\"Shop\",\"item\":\"https:\/\/colemont.lt\/lv\/shop\/\"},{\"@type\":\"ListItem\",\"position\":3,\"name\":\"Apdro\u0161in\u0101\u0161ana medniekiem\"}]},{\"@type\":\"WebSite\",\"@id\":\"https:\/\/colemont.lt\/lv\/#website\",\"url\":\"https:\/\/colemont.lt\/lv\/\",\"name\":\"Colemont\",\"description\":\"UADBB \u201cColemont draudimo brokeris\u201d\",\"potentialAction\":[{\"@type\":\"SearchAction\",\"target\":{\"@type\":\"EntryPoint\",\"urlTemplate\":\"https:\/\/colemont.lt\/lv\/?s={search_term_string}\"},\"query-input\":{\"@type\":\"PropertyValueSpecification\",\"valueRequired\":true,\"valueName\":\"search_term_string\"}}],\"inLanguage\":\"lv-LV\"}]}<\/script>\n<!-- \/ Yoast SEO plugin. -->","yoast_head_json":{"title":"Apdro\u0161in\u0101\u0161ana Medniekiem - Colemont Apdro\u0161in\u0101\u0161anas brokeris","description":"Apdro\u0161in\u0101\u0161ana medniekiem\/med\u012bbu vad\u012bt\u0101jiem Civiltiesisk\u0101s atbild\u012bbas apdro\u0161in\u0101\u0161ana, limits l\u012bdz 2 000 000 EUR","robots":{"index":"index","follow":"follow","max-snippet":"max-snippet:-1","max-image-preview":"max-image-preview:large","max-video-preview":"max-video-preview:-1"},"canonical":"https:\/\/colemont.lt\/lv\/product\/apdrosinasana-medniekiem\/","og_locale":"lv_LV","og_type":"article","og_title":"Apdro\u0161in\u0101\u0161ana Medniekiem - Colemont Apdro\u0161in\u0101\u0161anas brokeris","og_description":"Apdro\u0161in\u0101\u0161ana medniekiem\/med\u012bbu vad\u012bt\u0101jiem Civiltiesisk\u0101s atbild\u012bbas apdro\u0161in\u0101\u0161ana, limits l\u012bdz 2 000 000 EUR","og_url":"https:\/\/colemont.lt\/lv\/product\/apdrosinasana-medniekiem\/","og_site_name":"Colemont","article_publisher":"https:\/\/www.facebook.com\/Colemont-Draudimo-Brokeris-1210664089020340\/","article_modified_time":"2024-04-11T07:27:05+00:00","og_image":[{"width":840,"height":630,"url":"https:\/\/colemont.lt\/wp-content\/uploads\/2016\/11\/medziototju.jpg","type":"image\/jpeg"}],"schema":{"@context":"https:\/\/schema.org","@graph":[{"@type":"WebPage","@id":"https:\/\/colemont.lt\/lv\/product\/apdrosinasana-medniekiem\/","url":"https:\/\/colemont.lt\/lv\/product\/apdrosinasana-medniekiem\/","name":"Apdro\u0161in\u0101\u0161ana Medniekiem - Colemont Apdro\u0161in\u0101\u0161anas brokeris","isPartOf":{"@id":"https:\/\/colemont.lt\/lv\/#website"},"primaryImageOfPage":{"@id":"https:\/\/colemont.lt\/lv\/product\/apdrosinasana-medniekiem\/#primaryimage"},"image":{"@id":"https:\/\/colemont.lt\/lv\/product\/apdrosinasana-medniekiem\/#primaryimage"},"thumbnailUrl":"https:\/\/colemont.lt\/wp-content\/uploads\/2016\/11\/medziototju.jpg","datePublished":"2016-11-22T02:43:24+00:00","dateModified":"2024-04-11T07:27:05+00:00","description":"Apdro\u0161in\u0101\u0161ana medniekiem\/med\u012bbu vad\u012bt\u0101jiem Civiltiesisk\u0101s atbild\u012bbas apdro\u0161in\u0101\u0161ana, limits l\u012bdz 2 000 000 EUR","breadcrumb":{"@id":"https:\/\/colemont.lt\/lv\/product\/apdrosinasana-medniekiem\/#breadcrumb"},"inLanguage":"lv-LV","potentialAction":[{"@type":"ReadAction","target":["https:\/\/colemont.lt\/lv\/product\/apdrosinasana-medniekiem\/"]}]},{"@type":"ImageObject","inLanguage":"lv-LV","@id":"https:\/\/colemont.lt\/lv\/product\/apdrosinasana-medniekiem\/#primaryimage","url":"https:\/\/colemont.lt\/wp-content\/uploads\/2016\/11\/medziototju.jpg","contentUrl":"https:\/\/colemont.lt\/wp-content\/uploads\/2016\/11\/medziototju.jpg","width":840,"height":630},{"@type":"BreadcrumbList","@id":"https:\/\/colemont.lt\/lv\/product\/apdrosinasana-medniekiem\/#breadcrumb","itemListElement":[{"@type":"ListItem","position":1,"name":"Home","item":"https:\/\/colemont.lt\/lv\/"},{"@type":"ListItem","position":2,"name":"Shop","item":"https:\/\/colemont.lt\/lv\/shop\/"},{"@type":"ListItem","position":3,"name":"Apdro\u0161in\u0101\u0161ana medniekiem"}]},{"@type":"WebSite","@id":"https:\/\/colemont.lt\/lv\/#website","url":"https:\/\/colemont.lt\/lv\/","name":"Colemont","description":"UADBB \u201cColemont draudimo brokeris\u201d","potentialAction":[{"@type":"SearchAction","target":{"@type":"EntryPoint","urlTemplate":"https:\/\/colemont.lt\/lv\/?s={search_term_string}"},"query-input":{"@type":"PropertyValueSpecification","valueRequired":true,"valueName":"search_term_string"}}],"inLanguage":"lv-LV"}]}},"_links":{"self":[{"href":"https:\/\/colemont.lt\/lv\/wp-json\/wp\/v2\/product\/20530","targetHints":{"allow":["GET"]}}],"collection":[{"href":"https:\/\/colemont.lt\/lv\/wp-json\/wp\/v2\/product"}],"about":[{"href":"https:\/\/colemont.lt\/lv\/wp-json\/wp\/v2\/types\/product"}],"wp:featuredmedia":[{"embeddable":true,"href":"https:\/\/colemont.lt\/lv\/wp-json\/wp\/v2\/media\/22444"}],"wp:attachment":[{"href":"https:\/\/colemont.lt\/lv\/wp-json\/wp\/v2\/media?parent=20530"}],"wp:term":[{"taxonomy":"product_brand","embeddable":true,"href":"https:\/\/colemont.lt\/lv\/wp-json\/wp\/v2\/product_brand?post=20530"},{"taxonomy":"product_cat","embeddable":true,"href":"https:\/\/colemont.lt\/lv\/wp-json\/wp\/v2\/product_cat?post=20530"},{"taxonomy":"product_tag","embeddable":true,"href":"https:\/\/colemont.lt\/lv\/wp-json\/wp\/v2\/product_tag?post=20530"}],"curies":[{"name":"wp","href":"https:\/\/api.w.org\/{rel}","templated":true}]}}