{"id":23129,"date":"2026-02-11T16:28:08","date_gmt":"2026-02-11T14:28:08","guid":{"rendered":"https:\/\/colemont.lt\/?page_id=23129"},"modified":"2026-02-16T15:26:15","modified_gmt":"2026-02-16T13:26:15","slug":"kutse-ehitusettevotjale-i-kaenduskindlustusgarantiid-eestis","status":"publish","type":"page","link":"https:\/\/colemont.lt\/et\/kutse-ehitusettevotjale-i-kaenduskindlustusgarantiid-eestis\/","title":{"rendered":"Kutse ehitusettev\u00f5tjale  I  K\u00e4enduskindlustusgarantiid Eestis"},"content":{"rendered":"<div class=\"wpb-content-wrapper\"><p>[vc_row][vc_column][vc_column_text css=&#8221;&#8221;]Kutsume Teid osalema ehitusettev\u00f5tjatele suunatud m\u00fc\u00fcgikonverentsil, kus tutvustame k\u00e4enduskindlustusgarantii (surety bond) v\u00f5imalusi ning Liberty Mutual Surety \u2013 \u00fche maailma juhtiva kindlustusgrupi \u2013 tulekut Eesti turule.<\/p>\n<p>K\u00e4enduskindlustusgarantii on rahvusvaheliselt laialt kasutatav lahendus, mis aitab ehitusettev\u00f5tetel parandada finantsv\u00f5imekust, osaleda suuremahulistes hangetes ning v\u00e4hendada s\u00f5ltuvust pankade garantiidest. Konverentsil jagame nii rahvusvahelist kui ka regionaalset praktilist kogemust ning anname \u00fclevaate lahendusest Eesti turu kontekstis.[\/vc_column_text]<div class=\"dfd-spacer-module\"  data-units=\"px\" data-wide_resolution=\"1280\" data-wide_size=\"60\" data-normal_resolution=\"1024\" data-normal_size=\"40\" data-tablet_resolution=\"800\" data-tablet_size=\"30\" data-mobile_resolution=\"480\" data-mobile_size=\"\" style=\"height: 60px;\"><\/div>[\/vc_column][\/vc_row][vc_row force_equal_height_columns=&#8221;main_row&#8221; align_content_vertically=&#8221;&#8221; mobile_destroy_equal_heights=&#8221;yes&#8221;][vc_column width=&#8221;1\/3&#8243;]<div id=\"idinfobox69e79effe5146\" class=\"dfd-info-box clearfix style-01 layout-01  idinfobox69e79effe5146 text-center\" ><div class=\"dfd-animate-container\"><div class=\"icon-wrapper\"><div class=\"module-icon\" ><div class=\"hover-layer\" ><\/div><i class=\"featured-icon dfd-icon-calendar dfd_icon_set-icon-calendar\" style=\"color:#002246; opacity:1;\" ><\/i><\/div><\/div><div class=\"info-box-title feature-title\" style=\"\">Toimumisaeg<\/div><div class=\"info-box-subtitle subtitle\" style=\"\">26. m\u00e4rts 2026<\/div><div class=\"wrap-delimiter\"><div class=\"delimiter\" ><\/div><\/div><div class=\"description\" style=\"\"><\/div><\/div><\/div>[\/vc_column][vc_column width=&#8221;1\/3&#8243;]<div id=\"idinfobox69e79effe51a9\" class=\"dfd-info-box clearfix style-01 layout-01  idinfobox69e79effe51a9 text-center\" ><div class=\"dfd-animate-container\"><div class=\"icon-wrapper\"><div class=\"module-icon\" ><div class=\"hover-layer\" ><\/div><i class=\"featured-icon dfd-icon-clock_2 dfd_icon_set-icon-clock_2\" style=\"color:#002246; opacity:1;\" ><\/i><\/div><\/div><div class=\"info-box-title feature-title\" style=\"\">Algus<\/div><div class=\"info-box-subtitle subtitle\" style=\"\">kell 10.00<\/div><div class=\"wrap-delimiter\"><div class=\"delimiter\" ><\/div><\/div><div class=\"description\" style=\"\"><\/div><\/div><\/div>[\/vc_column][vc_column width=&#8221;1\/3&#8243;]<div id=\"idinfobox69e79effe51f1\" class=\"dfd-info-box clearfix style-01 layout-01  idinfobox69e79effe51f1 text-center\" ><div class=\"dfd-animate-container\"><div class=\"icon-wrapper\"><div class=\"module-icon\" ><div class=\"hover-layer\" ><\/div><i class=\"featured-icon dfd-icon-marker_location_1 dfd_icon_set-icon-marker_location_1\" style=\"color:#002246; opacity:1;\" ><\/i><\/div><\/div><div class=\"info-box-title feature-title\" style=\"\">Asukoht<\/div><div class=\"info-box-subtitle subtitle\" style=\"\">Valukoja 8, Tallin<\/div><div class=\"wrap-delimiter\"><div class=\"delimiter\" ><\/div><\/div><div class=\"description\" style=\"\">ruum Supernoova, \u00d6piku konverentsikesku<\/div><\/div><\/div>[\/vc_column][\/vc_row][vc_row][vc_column]<div class=\"dfd-spacer-module\"  data-units=\"px\" data-wide_resolution=\"1280\" data-wide_size=\"60\" data-normal_resolution=\"1024\" data-normal_size=\"40\" data-tablet_resolution=\"800\" data-tablet_size=\"30\" data-mobile_resolution=\"480\" data-mobile_size=\"\" style=\"height: 60px;\"><\/div><div id=\"dfd-milestone-69e79effe5266-5384\" class=\"dfd-milestone-wrap  style-2\" ><ul class=\"dfd-milestone-list clearfix \"><li class=\"dfd-milestone-item dfd-equalize-height\"><div class=\"icon-centered-container\"><div class=\"icon-wrap\"><span class=\"icon-decoration\"><span class=\"icon-text dfd-text-icon-render\" style=\"\">10:00\u201310:15<\/span><\/span><\/div><\/div><div class=\"content-wrap\"><div class=\"content-centered-container\"><div class=\"title-wrap\"><div class=\"feature-title\" style=\"\">Tere tulemast & konverentsi avamine<\/div><div class=\"grad-millestone-subtitle subtitle\" style=\"\">Jaan Sildam<\/div><\/div><\/div><\/div><\/li><li class=\"dfd-milestone-item dfd-equalize-height\"><div class=\"icon-centered-container\"><div class=\"icon-wrap\"><span class=\"icon-decoration\"><span class=\"icon-text dfd-text-icon-render\" style=\"\">10:15\u201310:40<\/span><\/span><\/div><\/div><div class=\"content-wrap\"><div class=\"content-centered-container\"><div class=\"title-wrap\"><div class=\"feature-title\" style=\"\">What is a surety bond? And why an insurance provider?<\/div><div class=\"grad-millestone-subtitle subtitle\" style=\"\">Patrizio Gabriele<\/div><\/div><\/div><\/div><\/li><li class=\"dfd-milestone-item dfd-equalize-height\"><div class=\"icon-centered-container\"><div class=\"icon-wrap\"><span class=\"icon-decoration\"><span class=\"icon-text dfd-text-icon-render\" style=\"\">10:40\u201311:05<\/span><\/span><\/div><\/div><div class=\"content-wrap\"><div class=\"content-centered-container\"><div class=\"title-wrap\"><div class=\"feature-title\" style=\"\">Liberty Mutual: Global, Europe & Surety<\/div><div class=\"grad-millestone-subtitle subtitle\" style=\"\">Martijn Verwijs<\/div><\/div><\/div><\/div><\/li><li class=\"dfd-milestone-item dfd-equalize-height\"><div class=\"icon-centered-container\"><div class=\"icon-wrap\"><span class=\"icon-decoration\"><span class=\"icon-text dfd-text-icon-render\" style=\"\">11:05\u201311:25<\/span><\/span><\/div><\/div><div class=\"content-wrap\"><div class=\"content-centered-container\"><div class=\"title-wrap\"><div class=\"feature-title\" style=\"\">Colemont & Liberty in Lithuania & Estonia<\/div><div class=\"grad-millestone-subtitle subtitle\" style=\"\">Giedrius Ciurinskas<\/div><\/div><\/div><\/div><\/li><li class=\"dfd-milestone-item dfd-equalize-height\"><div class=\"icon-centered-container\"><div class=\"icon-wrap\"><span class=\"icon-decoration\"><span class=\"icon-text dfd-text-icon-render\" style=\"\">11:25\u201311:45<\/span><\/span><\/div><\/div><div class=\"content-wrap\"><div class=\"content-centered-container\"><div class=\"title-wrap\"><div class=\"feature-title\" style=\"\">Liberty k\u00e4enduskindlustusgarantii lahendus (koos Colemont`iga) Eesti jaoks & Eestis<\/div><div class=\"grad-millestone-subtitle subtitle\" style=\"\">Jaan Sildam<\/div><\/div><\/div><\/div><\/li><li class=\"dfd-milestone-item dfd-equalize-height\"><div class=\"icon-centered-container\"><div class=\"icon-wrap\"><span class=\"icon-decoration\"><span class=\"icon-text dfd-text-icon-render\" style=\"\">11:45\u201312:00<\/span><\/span><\/div><\/div><div class=\"content-wrap\"><div class=\"content-centered-container\"><div class=\"title-wrap\"><div class=\"feature-title\" style=\"\">Kokkuv\u00f5te & Q&A<\/div><div class=\"grad-millestone-subtitle subtitle\" style=\"\">k\u00f5ik esinejad (modereerib Jaan Sildam)<\/div><\/div><\/div><\/div><\/li><li class=\"dfd-milestone-item dfd-equalize-height\"><div class=\"icon-centered-container\"><div class=\"icon-wrap\"><span class=\"icon-decoration\"><span class=\"icon-text dfd-text-icon-render\" style=\"\">12:00\u201313:00<\/span><\/span><\/div><\/div><div class=\"content-wrap\"><div class=\"content-centered-container\"><div class=\"title-wrap\"><div class=\"feature-title\" style=\"\">Networking, kohv, joogid ja suupisted<\/div><\/div><\/div><\/div><\/li><\/ul><script type=\"text\/javascript\">(function($) {$(\"head\").append(\"<style>#dfd-milestone-69e79effe5266-5384 .dfd-milestone-item:hover .icon-wrap {color: #002246;}#dfd-milestone-69e79effe5266-5384 .dfd-milestone-item .icon-decoration:before {background: #002246;}#dfd-milestone-69e79effe5266-5384 .dfd-milestone-item:hover .icon-decoration:before {background: #f4f4f4;}#dfd-milestone-69e79effe5266-5384.style-2 .dfd-milestone-item, #dfd-milestone-69e79effe5266-5384.style-3 .dfd-milestone-item {padding: 15px 0;}<\/style>\");})(jQuery);<\/script><\/div><div class=\"dfd-spacer-module\"  data-units=\"px\" data-wide_resolution=\"1280\" data-wide_size=\"60\" data-normal_resolution=\"1024\" data-normal_size=\"40\" data-tablet_resolution=\"800\" data-tablet_size=\"30\" data-mobile_resolution=\"480\" data-mobile_size=\"\" style=\"height: 60px;\"><\/div>[\/vc_column][\/vc_row][vc_row][vc_column]<div id=\"dfd-announce-69e79effe52dc-5003\" class=\"dfd-announce-module-wrap align-center full_bg_class  style-3 layout-1\" ><div class=\"dfd-announce-module\"><div class=\"module-icon\" ><i class = \"dfd-icon-attention dfd_icon_set-icon-attention\"><\/i><\/div><div class=\"module-text\" style=\"\">\u00dcritus on tasuta, kuid kohtade arv on piiratud \u2013 <strong>palume registreerida varakult<\/strong>.<\/p>\n<p>Palume anda oma osalemisest teada hiljemalt <strong>24.03.2026<\/strong>.<\/div><\/div><\/div>[\/vc_column][\/vc_row][vc_row one_page_title=&#8221;register&#8221;][vc_column]<div class=\"dfd-spacer-module\"  data-units=\"px\" data-wide_resolution=\"1280\" data-wide_size=\"60\" data-normal_resolution=\"1024\" data-normal_size=\"40\" data-tablet_resolution=\"800\" data-tablet_size=\"30\" data-mobile_resolution=\"480\" data-mobile_size=\"\" style=\"height: 60px;\"><\/div>[vc_column_text css=&#8221;&#8221;]<\/p>\n<h3>Palun t\u00e4itke registreerimiseks vorm<\/h3>\n<p>[\/vc_column_text][vc_raw_html css=&#8221;&#8221;]JTVCZm9ybWlkYWJsZSUyMGlkJTNENCU1RA==[\/vc_raw_html][\/vc_column][\/vc_row]<\/p>\n<\/div>","protected":false},"excerpt":{"rendered":"<p>[vc_row][vc_column][vc_column_text css=&#8221;&#8221;]Kutsume Teid osalema ehitusettev\u00f5tjatele suunatud m\u00fc\u00fcgikonverentsil, kus tutvustame k\u00e4enduskindlustusgarantii (surety bond) v\u00f5imalusi ning Liberty Mutual Surety \u2013 \u00fche maailma juhtiva kindlustusgrupi \u2013 tulekut Eesti turule. K\u00e4enduskindlustusgarantii on rahvusvaheliselt laialt<\/p>\n","protected":false},"author":1,"featured_media":0,"parent":0,"menu_order":0,"comment_status":"closed","ping_status":"closed","template":"","meta":{"_acf_changed":false,"content-type":"","inline_featured_image":false,"footnotes":""},"class_list":["post-23129","page","type-page","status-publish","hentry"],"acf":[],"yoast_head":"<!-- This site is optimized with the Yoast SEO plugin v24.2 - https:\/\/yoast.com\/wordpress\/plugins\/seo\/ -->\n<title>Kutse ehitusettev\u00f5tjale I K\u00e4enduskindlustusgarantiid Eestis - Colemont<\/title>\n<meta name=\"robots\" content=\"index, follow, max-snippet:-1, max-image-preview:large, max-video-preview:-1\" \/>\n<link rel=\"canonical\" href=\"https:\/\/colemont.lt\/et\/kutse-ehitusettevotjale-i-kaenduskindlustusgarantiid-eestis\/\" \/>\n<meta property=\"og:locale\" content=\"et_EE\" \/>\n<meta property=\"og:type\" content=\"article\" \/>\n<meta property=\"og:title\" content=\"Kutse ehitusettev\u00f5tjale I K\u00e4enduskindlustusgarantiid Eestis - Colemont\" \/>\n<meta property=\"og:description\" content=\"[vc_row][vc_column][vc_column_text css=&#8221;&#8221;]Kutsume Teid osalema ehitusettev\u00f5tjatele suunatud m\u00fc\u00fcgikonverentsil, kus tutvustame k\u00e4enduskindlustusgarantii (surety bond) v\u00f5imalusi ning Liberty Mutual Surety \u2013 \u00fche maailma juhtiva kindlustusgrupi \u2013 tulekut Eesti turule. K\u00e4enduskindlustusgarantii on rahvusvaheliselt laialt\" \/>\n<meta property=\"og:url\" content=\"https:\/\/colemont.lt\/et\/kutse-ehitusettevotjale-i-kaenduskindlustusgarantiid-eestis\/\" \/>\n<meta property=\"og:site_name\" content=\"Colemont\" \/>\n<meta property=\"article:publisher\" content=\"https:\/\/www.facebook.com\/Colemont-Draudimo-Brokeris-1210664089020340\/\" \/>\n<meta property=\"article:modified_time\" content=\"2026-02-16T13:26:15+00:00\" \/>\n<script type=\"application\/ld+json\" class=\"yoast-schema-graph\">{\"@context\":\"https:\/\/schema.org\",\"@graph\":[{\"@type\":\"WebPage\",\"@id\":\"https:\/\/colemont.lt\/et\/kutse-ehitusettevotjale-i-kaenduskindlustusgarantiid-eestis\/\",\"url\":\"https:\/\/colemont.lt\/et\/kutse-ehitusettevotjale-i-kaenduskindlustusgarantiid-eestis\/\",\"name\":\"Kutse ehitusettev\u00f5tjale I K\u00e4enduskindlustusgarantiid Eestis - Colemont\",\"isPartOf\":{\"@id\":\"https:\/\/colemont.lt\/et\/#website\"},\"datePublished\":\"2026-02-11T14:28:08+00:00\",\"dateModified\":\"2026-02-16T13:26:15+00:00\",\"breadcrumb\":{\"@id\":\"https:\/\/colemont.lt\/et\/kutse-ehitusettevotjale-i-kaenduskindlustusgarantiid-eestis\/#breadcrumb\"},\"inLanguage\":\"et\",\"potentialAction\":[{\"@type\":\"ReadAction\",\"target\":[\"https:\/\/colemont.lt\/et\/kutse-ehitusettevotjale-i-kaenduskindlustusgarantiid-eestis\/\"]}]},{\"@type\":\"BreadcrumbList\",\"@id\":\"https:\/\/colemont.lt\/et\/kutse-ehitusettevotjale-i-kaenduskindlustusgarantiid-eestis\/#breadcrumb\",\"itemListElement\":[{\"@type\":\"ListItem\",\"position\":1,\"name\":\"Home\",\"item\":\"https:\/\/colemont.lt\/et\/\"},{\"@type\":\"ListItem\",\"position\":2,\"name\":\"Kutse ehitusettev\u00f5tjale I K\u00e4enduskindlustusgarantiid Eestis\"}]},{\"@type\":\"WebSite\",\"@id\":\"https:\/\/colemont.lt\/et\/#website\",\"url\":\"https:\/\/colemont.lt\/et\/\",\"name\":\"Colemont\",\"description\":\"UADBB \u201cColemont draudimo brokeris\u201d\",\"potentialAction\":[{\"@type\":\"SearchAction\",\"target\":{\"@type\":\"EntryPoint\",\"urlTemplate\":\"https:\/\/colemont.lt\/et\/?s={search_term_string}\"},\"query-input\":{\"@type\":\"PropertyValueSpecification\",\"valueRequired\":true,\"valueName\":\"search_term_string\"}}],\"inLanguage\":\"et\"}]}<\/script>\n<!-- \/ Yoast SEO plugin. -->","yoast_head_json":{"title":"Kutse ehitusettev\u00f5tjale I K\u00e4enduskindlustusgarantiid Eestis - Colemont","robots":{"index":"index","follow":"follow","max-snippet":"max-snippet:-1","max-image-preview":"max-image-preview:large","max-video-preview":"max-video-preview:-1"},"canonical":"https:\/\/colemont.lt\/et\/kutse-ehitusettevotjale-i-kaenduskindlustusgarantiid-eestis\/","og_locale":"et_EE","og_type":"article","og_title":"Kutse ehitusettev\u00f5tjale I K\u00e4enduskindlustusgarantiid Eestis - Colemont","og_description":"[vc_row][vc_column][vc_column_text css=&#8221;&#8221;]Kutsume Teid osalema ehitusettev\u00f5tjatele suunatud m\u00fc\u00fcgikonverentsil, kus tutvustame k\u00e4enduskindlustusgarantii (surety bond) v\u00f5imalusi ning Liberty Mutual Surety \u2013 \u00fche maailma juhtiva kindlustusgrupi \u2013 tulekut Eesti turule. K\u00e4enduskindlustusgarantii on rahvusvaheliselt laialt","og_url":"https:\/\/colemont.lt\/et\/kutse-ehitusettevotjale-i-kaenduskindlustusgarantiid-eestis\/","og_site_name":"Colemont","article_publisher":"https:\/\/www.facebook.com\/Colemont-Draudimo-Brokeris-1210664089020340\/","article_modified_time":"2026-02-16T13:26:15+00:00","schema":{"@context":"https:\/\/schema.org","@graph":[{"@type":"WebPage","@id":"https:\/\/colemont.lt\/et\/kutse-ehitusettevotjale-i-kaenduskindlustusgarantiid-eestis\/","url":"https:\/\/colemont.lt\/et\/kutse-ehitusettevotjale-i-kaenduskindlustusgarantiid-eestis\/","name":"Kutse ehitusettev\u00f5tjale I K\u00e4enduskindlustusgarantiid Eestis - Colemont","isPartOf":{"@id":"https:\/\/colemont.lt\/et\/#website"},"datePublished":"2026-02-11T14:28:08+00:00","dateModified":"2026-02-16T13:26:15+00:00","breadcrumb":{"@id":"https:\/\/colemont.lt\/et\/kutse-ehitusettevotjale-i-kaenduskindlustusgarantiid-eestis\/#breadcrumb"},"inLanguage":"et","potentialAction":[{"@type":"ReadAction","target":["https:\/\/colemont.lt\/et\/kutse-ehitusettevotjale-i-kaenduskindlustusgarantiid-eestis\/"]}]},{"@type":"BreadcrumbList","@id":"https:\/\/colemont.lt\/et\/kutse-ehitusettevotjale-i-kaenduskindlustusgarantiid-eestis\/#breadcrumb","itemListElement":[{"@type":"ListItem","position":1,"name":"Home","item":"https:\/\/colemont.lt\/et\/"},{"@type":"ListItem","position":2,"name":"Kutse ehitusettev\u00f5tjale I K\u00e4enduskindlustusgarantiid Eestis"}]},{"@type":"WebSite","@id":"https:\/\/colemont.lt\/et\/#website","url":"https:\/\/colemont.lt\/et\/","name":"Colemont","description":"UADBB \u201cColemont draudimo brokeris\u201d","potentialAction":[{"@type":"SearchAction","target":{"@type":"EntryPoint","urlTemplate":"https:\/\/colemont.lt\/et\/?s={search_term_string}"},"query-input":{"@type":"PropertyValueSpecification","valueRequired":true,"valueName":"search_term_string"}}],"inLanguage":"et"}]}},"_links":{"self":[{"href":"https:\/\/colemont.lt\/et\/wp-json\/wp\/v2\/pages\/23129","targetHints":{"allow":["GET"]}}],"collection":[{"href":"https:\/\/colemont.lt\/et\/wp-json\/wp\/v2\/pages"}],"about":[{"href":"https:\/\/colemont.lt\/et\/wp-json\/wp\/v2\/types\/page"}],"author":[{"embeddable":true,"href":"https:\/\/colemont.lt\/et\/wp-json\/wp\/v2\/users\/1"}],"replies":[{"embeddable":true,"href":"https:\/\/colemont.lt\/et\/wp-json\/wp\/v2\/comments?post=23129"}],"version-history":[{"count":5,"href":"https:\/\/colemont.lt\/et\/wp-json\/wp\/v2\/pages\/23129\/revisions"}],"predecessor-version":[{"id":23245,"href":"https:\/\/colemont.lt\/et\/wp-json\/wp\/v2\/pages\/23129\/revisions\/23245"}],"wp:attachment":[{"href":"https:\/\/colemont.lt\/et\/wp-json\/wp\/v2\/media?parent=23129"}],"curies":[{"name":"wp","href":"https:\/\/api.w.org\/{rel}","templated":true}]}}