{"id":22953,"date":"2020-01-27T16:05:17","date_gmt":"2020-01-27T14:05:17","guid":{"rendered":"https:\/\/colemont.lt\/?page_id=22953"},"modified":"2026-01-23T09:21:37","modified_gmt":"2026-01-23T07:21:37","slug":"kupsised","status":"publish","type":"page","link":"https:\/\/colemont.lt\/et\/kupsised\/","title":{"rendered":"K\u00fcpsised"},"content":{"rendered":"<h3>1. Sissejuhatus<\/h3>\n<p>UADBB Colemont Insurance Broker, \u00e4riregistri number 124495055 (edaspidi \u201eEttev\u00f5te\u201d v\u00f5i \u201emeie\u201d), registreeritud aadressil Konstitucijos pr. 26 LT-08131, Vilnius, Leedu Vabariik (edaspidi \u201eEttev\u00f5te\u201d), on kindlustusmaakler, kes on kantud Leedu Panga (<a href=\"https:\/\/www.lb.lt\/lt\/finansu-rinku-dalyviai?list=75\">https:\/\/www.lb.lt\/lt\/finansu-rinku-dalyviai?list=75<\/a>) poolt peetavasse kindlustusmaaklerite registrisse.<br \/>\nK\u00e4esolev k\u00fcpsiste poliitika annab teavet Ettev\u00f5tte poolt kasutatavate k\u00fcpsiste kohta ja selgitab, kuidas k\u00fcpsiseid Ettev\u00f5tte veebisaidil http:\/\/colemont.lt\/ hallata. Ettev\u00f5tte veebisaiti kasutades n\u00f5ustute k\u00e4esoleva k\u00fcpsiste poliitika tingimustega.<\/p>\n<h3>2. Ettev\u00f5tte kontaktandmed<\/h3>\n<p>Kui teil on k\u00fcsimusi, m\u00e4rkusi v\u00f5i soove seoses k\u00e4esolevas k\u00fcpsiste poliitikas esitatud teabega, v\u00f5ite v\u00f5tta \u00fchendust ettev\u00f5ttega e-posti aadressil info@colemont.lt v\u00f5i kirjalikult ettev\u00f5tte aadressil Konstitucijos pr. 26 LT-08131, Vilnius.<br \/>\nSamuti v\u00f5ite v\u00f5tta \u00fchendust ettev\u00f5tte andmekaitseametnikuga, saates e-kirja aadressile info@colemont.lt.<\/p>\n<h3>3. Mis on k\u00fcpsised?<\/h3>\n<p>K\u00fcpsis on v\u00e4ike tekstifail, mis salvestatakse teie arvuti v\u00f5i mobiilseadme (edaspidi \u201eseade\u201d) brauserisse, kui k\u00fclastate ettev\u00f5tte veebisaiti.<\/p>\n<h3>4. Milliseid k\u00fcpsiseid ettev\u00f5te kasutab?<\/h3>\n<p>M\u00f5ned ettev\u00f5tte kasutatavad k\u00fcpsised salvestatakse teie seadme brauserisse ainult teie brausimise ajaks, st kuni te ettev\u00f5tte veebisaidilt lahkute. Neid k\u00fcpsiseid nimetatakse \u201eseansik\u00fcpsisteks\u201d, kuna need aeguvad automaatselt, kui kasutaja seanss l\u00f5peb ja ettev\u00f5tte veebisait suletakse.<\/p>\n<p>Teine k\u00fcpsiste liik, mida nimetatakse \u201ep\u00fcsik\u00fcpsiseks\u201d, koosneb tekstifailist, mis salvestatakse teie seadmesse kindlaksm\u00e4\u00e4ratud ajaks, kuni see aegub v\u00f5i kuni te k\u00fcpsise tagasi l\u00fckate ja kustutate (vt punkt 5).<\/p>\n<p>Ettev\u00f5tte veebisait v\u00f5ib kasutada viit t\u00fc\u00fcpi k\u00fcpsiseid: kohustuslikud k\u00fcpsised, funktsionaalsed k\u00fcpsised, anal\u00fc\u00fctilised k\u00fcpsised, reklaami- ja sihtotstarbelised turundusk\u00fcpsised v\u00f5i kolmandate osapoolte k\u00fcpsised.<\/p>\n<p>Ettev\u00f5tte veebisaidil kasutatavate konkreetsete k\u00fcpsiste loetelu, parameetrid, kehtivusaeg jne on esitatud allpool:<\/p>\n<p>1) Olulised k\u00fcpsised \u2013 need k\u00fcpsised on vajalikud ja neid kasutatakse tehnilistel eesm\u00e4rkidel, n\u00e4iteks selleks, et v\u00f5imaldada teil ettev\u00f5tte veebisaiti piiranguteta sirvida ja kasutada k\u00f5iki selle funktsioone. Ilma oluliste k\u00fcpsisteta ei pruugi ettev\u00f5tte veebisait korralikult toimida.<\/p>\n<p>2) Funktsionaalsed k\u00fcpsised \u2013 need k\u00fcpsised v\u00f5imaldavad ettev\u00f5tte veebisaidil meelde j\u00e4tta teie valikud, nii et te ei pea iga kord, kui k\u00fclastate ettev\u00f5tte veebisaiti, oma seadeid muutma. Need k\u00fcpsised aitavad meeles pidada teie valikuid ja seadeid (nt kasutajanimi, keel v\u00f5i piirkond, kus te asute), et ettev\u00f5tte veebisait saaks pakkuda teile paremaid ja isikup\u00e4rastatud funktsioone.<\/p>\n<p>3) Anal\u00fc\u00fctilised k\u00fcpsised \u2013 need k\u00fcpsised anal\u00fc\u00fcsivad ja koguvad teavet ettev\u00f5tte veebisaidi kasutamise kohta ning aitavad parandada veebisaidi toimimist. Anal\u00fc\u00fctilised k\u00fcpsised v\u00f5imaldavad ettev\u00f5ttel paremini m\u00f5ista veebisaidi k\u00fclastajaid, parandada sisu esitamise viisi ja aidata hinnata tulemuslikkust.<\/p>\n<p>4) Reklaami- ja sihtotstarbelised turundusk\u00fcpsised \u2013 neid k\u00fcpsiseid kasutatakse, et v\u00f5imaldada ettev\u00f5ttel pakkuda teile ja teie huvidele asjakohasemat reklaami ning parandada reklaami ja suhtluse t\u00f5husust veebisaidil.<\/p>\n<p>5) Kolmandate osapoolte k\u00fcpsised \u2013 need k\u00fcpsised on ettev\u00f5tte veebisaidile paigaldatud muude organisatsioonide poolt kui ettev\u00f5te.<\/p>\n<p>a) See v\u00f5ib olla Google Analyticsi pakutav veebianal\u00fc\u00fcsi teenus, mis aitab ettev\u00f5ttel anal\u00fc\u00fcsida, kuidas ettev\u00f5tte veebisaiti kasutatakse. Google Analytics kasutab selleks k\u00fcpsiseid.<br \/>\nb) Need v\u00f5ivad olla k\u00fcpsised, mida Google kasutab reklaami eesm\u00e4rgil (t\u00e4psema teabe saamiseks vaadake Google&#8217;i k\u00fcpsiste poliitikat: https:\/\/policies.google.com\/technologies\/types?hl=lt).<\/p>\n<p>Ettev\u00f5te ei kontrolli, kuidas kolmandate osapoolte veebisaidid k\u00fcpsiseid paigaldavad, isegi kui teid suunatakse neile ettev\u00f5tte veebisaidilt.<\/p>\n<p><script id=\"CookieDeclaration\" src=\"https:\/\/consent.cookiebot.com\/c5fb0dd6-8209-49cb-940f-990b5d5582d5\/cd.js\" type=\"text\/javascript\" async><\/script><\/p>\n<h3>Kuidas k\u00fcpsiseid hallata ja kustutada?<\/h3>\n<p>K\u00fcpsiseid saab hallata mitmel viisil. V\u00f5ite anda n\u00f5usoleku k\u00fcpsiste kasutamiseks ja installimiseks oma seadmesse v\u00f5i, kui soovite, v\u00f5ite k\u00fcpsised oma seadmest kustutada. Kui kustutate k\u00fcpsised, kustutatakse k\u00f5ik nende k\u00fcpsistega kontrollitavad seaded ja peate need uuesti looma, kui k\u00fclastate ettev\u00f5tte veebisaiti uuesti. K\u00fcpsiseid saate hallata j\u00e4rgmistel viisidel:<\/p>\n<p>1) K\u00fcpsiste s\u00e4tted<\/p>\n<p>Et kontrollida ettev\u00f5tte kasutatavaid k\u00fcpsiseid \u00fcksikasjalikumalt, saate kontrollida k\u00fcpsiste s\u00e4tteid, millele p\u00e4\u00e4sete juurde ettev\u00f5tte veebisaidilt.<br \/>\nK\u00fcpsiste seadetes saate hallata k\u00f5iki ettev\u00f5tte veebisaidile paigutatud k\u00fcpsiseid, kuid ilma kohustuslike k\u00fcpsisteta v\u00f5ib ettev\u00f5tte veebisait mitte korralikult toimida.<\/p>\n<p>2) Teie brauseri seaded<\/p>\n<p>K\u00fcpsiseid saate hallata ja kustutada oma brauseri seadetest. Et paremini m\u00f5ista, kuidas saate hallata oma brauseri seadetest kasutatavaid k\u00fcpsiseid, on siin m\u00f5ned abistavad lingid:<\/p>\n<ul>\n<li><strong>Google Chrome:<\/strong> <a href=\"https:\/\/support.google.com\/chrome\/answer\/95647?co=GENIE.Platform=Desktop&amp;hl=lt\">https:\/\/support.google.com\/chrome\/answer\/95647?co=GENIE.Platform=Desktop&amp;hl=lt<\/a>;<\/li>\n<li><strong>Internet Explorer:<\/strong> <a href=\"https:\/\/support.microsoft.com\/lt-lt\/help\/17442\/windows-internet-explorer-delete-manage-cookies\">https:\/\/support.microsoft.com\/lt-lt\/help\/17442\/windows-internet-explorer-delete-manage-cookies<\/a>;<\/li>\n<li><strong>Mozilla Firefox:<\/strong> <a href=\"https:\/\/support.mozilla.org\/lt\/kb\/Slapuk\u0173 \u0161alinimas\">https:\/\/support.mozilla.org\/lt\/kb\/Slapuk\u0173 deletion<\/a>.<\/li>\n<\/ul>\n<h3>K\u00fcpsiste poliitika muudatused ja uuendused<\/h3>\n<p>Ettev\u00f5te j\u00e4tab endale \u00f5iguse muuta v\u00f5i uuendada k\u00e4esolevat k\u00fcpsiste poliitikat. K\u00f5ik andmed ettev\u00f5tte kasutatavate k\u00fcpsiste, nende eesm\u00e4rgi ja kasutatavate andmete kohta on p\u00e4rast uuendamist k\u00e4ttesaadavad ettev\u00f5tte veebisaidil.<\/p>\n","protected":false},"excerpt":{"rendered":"<p>1. Sissejuhatus UADBB Colemont Insurance Broker, \u00e4riregistri number 124495055 (edaspidi \u201eEttev\u00f5te\u201d v\u00f5i \u201emeie\u201d), registreeritud aadressil Konstitucijos pr. 26 LT-08131, Vilnius, Leedu Vabariik (edaspidi \u201eEttev\u00f5te\u201d), on kindlustusmaakler, kes on kantud Leedu<\/p>\n","protected":false},"author":1,"featured_media":0,"parent":0,"menu_order":0,"comment_status":"closed","ping_status":"closed","template":"","meta":{"_acf_changed":false,"content-type":"","inline_featured_image":false,"footnotes":""},"class_list":["post-22953","page","type-page","status-publish","hentry"],"acf":[],"yoast_head":"<!-- This site is optimized with the Yoast SEO plugin v24.2 - https:\/\/yoast.com\/wordpress\/plugins\/seo\/ -->\n<title>K\u00fcpsised - Colemont<\/title>\n<meta name=\"robots\" content=\"index, follow, max-snippet:-1, max-image-preview:large, max-video-preview:-1\" \/>\n<link rel=\"canonical\" href=\"https:\/\/colemont.lt\/et\/kupsised\/\" \/>\n<meta property=\"og:locale\" content=\"et_EE\" \/>\n<meta property=\"og:type\" content=\"article\" \/>\n<meta property=\"og:title\" content=\"K\u00fcpsised - Colemont\" \/>\n<meta property=\"og:description\" content=\"1. Sissejuhatus UADBB Colemont Insurance Broker, \u00e4riregistri number 124495055 (edaspidi \u201eEttev\u00f5te\u201d v\u00f5i \u201emeie\u201d), registreeritud aadressil Konstitucijos pr. 26 LT-08131, Vilnius, Leedu Vabariik (edaspidi \u201eEttev\u00f5te\u201d), on kindlustusmaakler, kes on kantud Leedu\" \/>\n<meta property=\"og:url\" content=\"https:\/\/colemont.lt\/et\/kupsised\/\" \/>\n<meta property=\"og:site_name\" content=\"Colemont\" \/>\n<meta property=\"article:publisher\" content=\"https:\/\/www.facebook.com\/Colemont-Draudimo-Brokeris-1210664089020340\/\" \/>\n<meta property=\"article:modified_time\" content=\"2026-01-23T07:21:37+00:00\" \/>\n<script type=\"application\/ld+json\" class=\"yoast-schema-graph\">{\"@context\":\"https:\/\/schema.org\",\"@graph\":[{\"@type\":\"WebPage\",\"@id\":\"https:\/\/colemont.lt\/et\/kupsised\/\",\"url\":\"https:\/\/colemont.lt\/et\/kupsised\/\",\"name\":\"K\u00fcpsised - Colemont\",\"isPartOf\":{\"@id\":\"https:\/\/colemont.lt\/et\/#website\"},\"datePublished\":\"2020-01-27T14:05:17+00:00\",\"dateModified\":\"2026-01-23T07:21:37+00:00\",\"breadcrumb\":{\"@id\":\"https:\/\/colemont.lt\/et\/kupsised\/#breadcrumb\"},\"inLanguage\":\"et\",\"potentialAction\":[{\"@type\":\"ReadAction\",\"target\":[\"https:\/\/colemont.lt\/et\/kupsised\/\"]}]},{\"@type\":\"BreadcrumbList\",\"@id\":\"https:\/\/colemont.lt\/et\/kupsised\/#breadcrumb\",\"itemListElement\":[{\"@type\":\"ListItem\",\"position\":1,\"name\":\"Home\",\"item\":\"https:\/\/colemont.lt\/et\/\"},{\"@type\":\"ListItem\",\"position\":2,\"name\":\"K\u00fcpsised\"}]},{\"@type\":\"WebSite\",\"@id\":\"https:\/\/colemont.lt\/et\/#website\",\"url\":\"https:\/\/colemont.lt\/et\/\",\"name\":\"Colemont\",\"description\":\"UADBB \u201cColemont draudimo brokeris\u201d\",\"potentialAction\":[{\"@type\":\"SearchAction\",\"target\":{\"@type\":\"EntryPoint\",\"urlTemplate\":\"https:\/\/colemont.lt\/et\/?s={search_term_string}\"},\"query-input\":{\"@type\":\"PropertyValueSpecification\",\"valueRequired\":true,\"valueName\":\"search_term_string\"}}],\"inLanguage\":\"et\"}]}<\/script>\n<!-- \/ Yoast SEO plugin. -->","yoast_head_json":{"title":"K\u00fcpsised - Colemont","robots":{"index":"index","follow":"follow","max-snippet":"max-snippet:-1","max-image-preview":"max-image-preview:large","max-video-preview":"max-video-preview:-1"},"canonical":"https:\/\/colemont.lt\/et\/kupsised\/","og_locale":"et_EE","og_type":"article","og_title":"K\u00fcpsised - Colemont","og_description":"1. Sissejuhatus UADBB Colemont Insurance Broker, \u00e4riregistri number 124495055 (edaspidi \u201eEttev\u00f5te\u201d v\u00f5i \u201emeie\u201d), registreeritud aadressil Konstitucijos pr. 26 LT-08131, Vilnius, Leedu Vabariik (edaspidi \u201eEttev\u00f5te\u201d), on kindlustusmaakler, kes on kantud Leedu","og_url":"https:\/\/colemont.lt\/et\/kupsised\/","og_site_name":"Colemont","article_publisher":"https:\/\/www.facebook.com\/Colemont-Draudimo-Brokeris-1210664089020340\/","article_modified_time":"2026-01-23T07:21:37+00:00","schema":{"@context":"https:\/\/schema.org","@graph":[{"@type":"WebPage","@id":"https:\/\/colemont.lt\/et\/kupsised\/","url":"https:\/\/colemont.lt\/et\/kupsised\/","name":"K\u00fcpsised - Colemont","isPartOf":{"@id":"https:\/\/colemont.lt\/et\/#website"},"datePublished":"2020-01-27T14:05:17+00:00","dateModified":"2026-01-23T07:21:37+00:00","breadcrumb":{"@id":"https:\/\/colemont.lt\/et\/kupsised\/#breadcrumb"},"inLanguage":"et","potentialAction":[{"@type":"ReadAction","target":["https:\/\/colemont.lt\/et\/kupsised\/"]}]},{"@type":"BreadcrumbList","@id":"https:\/\/colemont.lt\/et\/kupsised\/#breadcrumb","itemListElement":[{"@type":"ListItem","position":1,"name":"Home","item":"https:\/\/colemont.lt\/et\/"},{"@type":"ListItem","position":2,"name":"K\u00fcpsised"}]},{"@type":"WebSite","@id":"https:\/\/colemont.lt\/et\/#website","url":"https:\/\/colemont.lt\/et\/","name":"Colemont","description":"UADBB \u201cColemont draudimo brokeris\u201d","potentialAction":[{"@type":"SearchAction","target":{"@type":"EntryPoint","urlTemplate":"https:\/\/colemont.lt\/et\/?s={search_term_string}"},"query-input":{"@type":"PropertyValueSpecification","valueRequired":true,"valueName":"search_term_string"}}],"inLanguage":"et"}]}},"_links":{"self":[{"href":"https:\/\/colemont.lt\/et\/wp-json\/wp\/v2\/pages\/22953","targetHints":{"allow":["GET"]}}],"collection":[{"href":"https:\/\/colemont.lt\/et\/wp-json\/wp\/v2\/pages"}],"about":[{"href":"https:\/\/colemont.lt\/et\/wp-json\/wp\/v2\/types\/page"}],"author":[{"embeddable":true,"href":"https:\/\/colemont.lt\/et\/wp-json\/wp\/v2\/users\/1"}],"replies":[{"embeddable":true,"href":"https:\/\/colemont.lt\/et\/wp-json\/wp\/v2\/comments?post=22953"}],"version-history":[{"count":3,"href":"https:\/\/colemont.lt\/et\/wp-json\/wp\/v2\/pages\/22953\/revisions"}],"predecessor-version":[{"id":22956,"href":"https:\/\/colemont.lt\/et\/wp-json\/wp\/v2\/pages\/22953\/revisions\/22956"}],"wp:attachment":[{"href":"https:\/\/colemont.lt\/et\/wp-json\/wp\/v2\/media?parent=22953"}],"curies":[{"name":"wp","href":"https:\/\/api.w.org\/{rel}","templated":true}]}}