{"id":17490,"date":"2016-09-30T10:55:57","date_gmt":"2016-09-30T07:55:57","guid":{"rendered":"http:\/\/colemont.lt\/?post_type=product&#038;p=17490"},"modified":"2017-03-04T07:04:43","modified_gmt":"2017-03-04T07:04:43","slug":"construction-technical-supervisors-compulsory-third-party-liability-insurance","status":"publish","type":"product","link":"https:\/\/colemont.lt\/en\/product\/construction-technical-supervisors-compulsory-third-party-liability-insurance\/","title":{"rendered":"Construction Technical Supervisor\u2018s Compulsory Third Party Liability Insurance"},"content":{"rendered":"<h3>Claim examples<\/h3>\n<p>&nbsp;<\/p>\n<ul>\n<li>Customer made a claim to the construction technical supervisor for the contractor used other materials than those specified in the construction documentation.<\/li>\n<li>Customer made a claim to the construction technical supervisor for the contractor carried out works beyond the limits of the project and without a prior consent of construction project authors.<\/li>\n<\/ul>\n<h3><\/h3>\n<h3>Advantages<\/h3>\n<p>&nbsp;<\/p>\n<ul>\n<li>Highly competitive insurance premiums<\/li>\n<li>Short, simple questionnaire required in order to get a quote<\/li>\n<li>Operative risk assessment and policy issuance<\/li>\n<li>Large limits of indemnity available<\/li>\n<li>Highest financial reliability \u2013 Lloyd\u2018s of London<\/li>\n<\/ul>\n<p>&nbsp;<\/p>\n","protected":false},"excerpt":{"rendered":"<p>Construction Technical Supervisor Insurance provides financial protection for companies or individuals, performing technical supervision of construction, where the recipient (your customer) makes a claim on the \u00a0improper services rendered or financial losses that the customer had been imposed due to the services provided by you.\u00a0This insurance is regulated by the compulsory insurance regulations approved by the Bank of Lithuania.<\/p>\n","protected":false},"featured_media":22598,"template":"","meta":{"_acf_changed":false,"content-type":"","inline_featured_image":false},"product_brand":[],"product_cat":[408,373],"product_tag":[],"class_list":{"0":"post-17490","1":"product","2":"type-product","3":"status-publish","4":"has-post-thumbnail","6":"product_cat-construction","7":"product_cat-professional-services","9":"first","10":"instock","11":"sale","12":"shipping-taxable","13":"purchasable","14":"product-type-simple"},"acf":[],"yoast_head":"<!-- This site is optimized with the Yoast SEO plugin v24.2 - https:\/\/yoast.com\/wordpress\/plugins\/seo\/ -->\n<title>Construction Technical Supervisor\u2018s Compulsory Third Party Liability Insurance - Colemont<\/title>\n<meta name=\"robots\" content=\"index, follow, max-snippet:-1, max-image-preview:large, max-video-preview:-1\" \/>\n<link rel=\"canonical\" href=\"https:\/\/colemont.lt\/en\/product\/construction-technical-supervisors-compulsory-third-party-liability-insurance\/\" \/>\n<meta property=\"og:locale\" content=\"en_US\" \/>\n<meta property=\"og:type\" content=\"article\" \/>\n<meta property=\"og:title\" content=\"Construction Technical Supervisor\u2018s Compulsory Third Party Liability Insurance - Colemont\" \/>\n<meta property=\"og:description\" content=\"Construction Technical Supervisor Insurance provides financial protection for companies or individuals, performing technical supervision of construction, where the recipient (your customer) makes a claim on the \u00a0improper services rendered or financial losses that the customer had been imposed due to the services provided by you.\u00a0This insurance is regulated by the compulsory insurance regulations approved by the Bank of Lithuania.\" \/>\n<meta property=\"og:url\" content=\"https:\/\/colemont.lt\/en\/product\/construction-technical-supervisors-compulsory-third-party-liability-insurance\/\" \/>\n<meta property=\"og:site_name\" content=\"Colemont\" \/>\n<meta property=\"article:publisher\" content=\"https:\/\/www.facebook.com\/Colemont-Draudimo-Brokeris-1210664089020340\/\" \/>\n<meta property=\"article:modified_time\" content=\"2017-03-04T07:04:43+00:00\" \/>\n<meta property=\"og:image\" content=\"https:\/\/colemont.lt\/wp-content\/uploads\/2016\/09\/Rectangle-1-copy-40.jpg\" \/>\n\t<meta property=\"og:image:width\" content=\"840\" \/>\n\t<meta property=\"og:image:height\" content=\"630\" \/>\n\t<meta property=\"og:image:type\" content=\"image\/jpeg\" \/>\n<script type=\"application\/ld+json\" class=\"yoast-schema-graph\">{\"@context\":\"https:\/\/schema.org\",\"@graph\":[{\"@type\":\"WebPage\",\"@id\":\"https:\/\/colemont.lt\/en\/product\/construction-technical-supervisors-compulsory-third-party-liability-insurance\/\",\"url\":\"https:\/\/colemont.lt\/en\/product\/construction-technical-supervisors-compulsory-third-party-liability-insurance\/\",\"name\":\"Construction Technical Supervisor\u2018s Compulsory Third Party Liability Insurance - Colemont\",\"isPartOf\":{\"@id\":\"https:\/\/colemont.lt\/en\/#website\"},\"primaryImageOfPage\":{\"@id\":\"https:\/\/colemont.lt\/en\/product\/construction-technical-supervisors-compulsory-third-party-liability-insurance\/#primaryimage\"},\"image\":{\"@id\":\"https:\/\/colemont.lt\/en\/product\/construction-technical-supervisors-compulsory-third-party-liability-insurance\/#primaryimage\"},\"thumbnailUrl\":\"https:\/\/colemont.lt\/wp-content\/uploads\/2016\/09\/Rectangle-1-copy-40.jpg\",\"datePublished\":\"2016-09-30T07:55:57+00:00\",\"dateModified\":\"2017-03-04T07:04:43+00:00\",\"breadcrumb\":{\"@id\":\"https:\/\/colemont.lt\/en\/product\/construction-technical-supervisors-compulsory-third-party-liability-insurance\/#breadcrumb\"},\"inLanguage\":\"en-US\",\"potentialAction\":[{\"@type\":\"ReadAction\",\"target\":[\"https:\/\/colemont.lt\/en\/product\/construction-technical-supervisors-compulsory-third-party-liability-insurance\/\"]}]},{\"@type\":\"ImageObject\",\"inLanguage\":\"en-US\",\"@id\":\"https:\/\/colemont.lt\/en\/product\/construction-technical-supervisors-compulsory-third-party-liability-insurance\/#primaryimage\",\"url\":\"https:\/\/colemont.lt\/wp-content\/uploads\/2016\/09\/Rectangle-1-copy-40.jpg\",\"contentUrl\":\"https:\/\/colemont.lt\/wp-content\/uploads\/2016\/09\/Rectangle-1-copy-40.jpg\",\"width\":840,\"height\":630,\"caption\":\"Colemont statinio statybos techninio pri\u017ei\u016br\u0117tojo civilin\u0117s atsakomyb\u0117s privalomasis draudimas\"},{\"@type\":\"BreadcrumbList\",\"@id\":\"https:\/\/colemont.lt\/en\/product\/construction-technical-supervisors-compulsory-third-party-liability-insurance\/#breadcrumb\",\"itemListElement\":[{\"@type\":\"ListItem\",\"position\":1,\"name\":\"Home\",\"item\":\"https:\/\/colemont.lt\/en\/\"},{\"@type\":\"ListItem\",\"position\":2,\"name\":\"Shop\",\"item\":\"https:\/\/colemont.lt\/en\/shop\/\"},{\"@type\":\"ListItem\",\"position\":3,\"name\":\"Construction Technical Supervisor\u2018s Compulsory Third Party Liability Insurance\"}]},{\"@type\":\"WebSite\",\"@id\":\"https:\/\/colemont.lt\/en\/#website\",\"url\":\"https:\/\/colemont.lt\/en\/\",\"name\":\"Colemont\",\"description\":\"UADBB \u201cColemont draudimo brokeris\u201d\",\"potentialAction\":[{\"@type\":\"SearchAction\",\"target\":{\"@type\":\"EntryPoint\",\"urlTemplate\":\"https:\/\/colemont.lt\/en\/?s={search_term_string}\"},\"query-input\":{\"@type\":\"PropertyValueSpecification\",\"valueRequired\":true,\"valueName\":\"search_term_string\"}}],\"inLanguage\":\"en-US\"}]}<\/script>\n<!-- \/ Yoast SEO plugin. -->","yoast_head_json":{"title":"Construction Technical Supervisor\u2018s Compulsory Third Party Liability Insurance - Colemont","robots":{"index":"index","follow":"follow","max-snippet":"max-snippet:-1","max-image-preview":"max-image-preview:large","max-video-preview":"max-video-preview:-1"},"canonical":"https:\/\/colemont.lt\/en\/product\/construction-technical-supervisors-compulsory-third-party-liability-insurance\/","og_locale":"en_US","og_type":"article","og_title":"Construction Technical Supervisor\u2018s Compulsory Third Party Liability Insurance - Colemont","og_description":"Construction Technical Supervisor Insurance provides financial protection for companies or individuals, performing technical supervision of construction, where the recipient (your customer) makes a claim on the \u00a0improper services rendered or financial losses that the customer had been imposed due to the services provided by you.\u00a0This insurance is regulated by the compulsory insurance regulations approved by the Bank of Lithuania.","og_url":"https:\/\/colemont.lt\/en\/product\/construction-technical-supervisors-compulsory-third-party-liability-insurance\/","og_site_name":"Colemont","article_publisher":"https:\/\/www.facebook.com\/Colemont-Draudimo-Brokeris-1210664089020340\/","article_modified_time":"2017-03-04T07:04:43+00:00","og_image":[{"width":840,"height":630,"url":"https:\/\/colemont.lt\/wp-content\/uploads\/2016\/09\/Rectangle-1-copy-40.jpg","type":"image\/jpeg"}],"schema":{"@context":"https:\/\/schema.org","@graph":[{"@type":"WebPage","@id":"https:\/\/colemont.lt\/en\/product\/construction-technical-supervisors-compulsory-third-party-liability-insurance\/","url":"https:\/\/colemont.lt\/en\/product\/construction-technical-supervisors-compulsory-third-party-liability-insurance\/","name":"Construction Technical Supervisor\u2018s Compulsory Third Party Liability Insurance - Colemont","isPartOf":{"@id":"https:\/\/colemont.lt\/en\/#website"},"primaryImageOfPage":{"@id":"https:\/\/colemont.lt\/en\/product\/construction-technical-supervisors-compulsory-third-party-liability-insurance\/#primaryimage"},"image":{"@id":"https:\/\/colemont.lt\/en\/product\/construction-technical-supervisors-compulsory-third-party-liability-insurance\/#primaryimage"},"thumbnailUrl":"https:\/\/colemont.lt\/wp-content\/uploads\/2016\/09\/Rectangle-1-copy-40.jpg","datePublished":"2016-09-30T07:55:57+00:00","dateModified":"2017-03-04T07:04:43+00:00","breadcrumb":{"@id":"https:\/\/colemont.lt\/en\/product\/construction-technical-supervisors-compulsory-third-party-liability-insurance\/#breadcrumb"},"inLanguage":"en-US","potentialAction":[{"@type":"ReadAction","target":["https:\/\/colemont.lt\/en\/product\/construction-technical-supervisors-compulsory-third-party-liability-insurance\/"]}]},{"@type":"ImageObject","inLanguage":"en-US","@id":"https:\/\/colemont.lt\/en\/product\/construction-technical-supervisors-compulsory-third-party-liability-insurance\/#primaryimage","url":"https:\/\/colemont.lt\/wp-content\/uploads\/2016\/09\/Rectangle-1-copy-40.jpg","contentUrl":"https:\/\/colemont.lt\/wp-content\/uploads\/2016\/09\/Rectangle-1-copy-40.jpg","width":840,"height":630,"caption":"Colemont statinio statybos techninio pri\u017ei\u016br\u0117tojo civilin\u0117s atsakomyb\u0117s privalomasis draudimas"},{"@type":"BreadcrumbList","@id":"https:\/\/colemont.lt\/en\/product\/construction-technical-supervisors-compulsory-third-party-liability-insurance\/#breadcrumb","itemListElement":[{"@type":"ListItem","position":1,"name":"Home","item":"https:\/\/colemont.lt\/en\/"},{"@type":"ListItem","position":2,"name":"Shop","item":"https:\/\/colemont.lt\/en\/shop\/"},{"@type":"ListItem","position":3,"name":"Construction Technical Supervisor\u2018s Compulsory Third Party Liability Insurance"}]},{"@type":"WebSite","@id":"https:\/\/colemont.lt\/en\/#website","url":"https:\/\/colemont.lt\/en\/","name":"Colemont","description":"UADBB \u201cColemont draudimo brokeris\u201d","potentialAction":[{"@type":"SearchAction","target":{"@type":"EntryPoint","urlTemplate":"https:\/\/colemont.lt\/en\/?s={search_term_string}"},"query-input":{"@type":"PropertyValueSpecification","valueRequired":true,"valueName":"search_term_string"}}],"inLanguage":"en-US"}]}},"_links":{"self":[{"href":"https:\/\/colemont.lt\/en\/wp-json\/wp\/v2\/product\/17490","targetHints":{"allow":["GET"]}}],"collection":[{"href":"https:\/\/colemont.lt\/en\/wp-json\/wp\/v2\/product"}],"about":[{"href":"https:\/\/colemont.lt\/en\/wp-json\/wp\/v2\/types\/product"}],"wp:featuredmedia":[{"embeddable":true,"href":"https:\/\/colemont.lt\/en\/wp-json\/wp\/v2\/media\/22598"}],"wp:attachment":[{"href":"https:\/\/colemont.lt\/en\/wp-json\/wp\/v2\/media?parent=17490"}],"wp:term":[{"taxonomy":"product_brand","embeddable":true,"href":"https:\/\/colemont.lt\/en\/wp-json\/wp\/v2\/product_brand?post=17490"},{"taxonomy":"product_cat","embeddable":true,"href":"https:\/\/colemont.lt\/en\/wp-json\/wp\/v2\/product_cat?post=17490"},{"taxonomy":"product_tag","embeddable":true,"href":"https:\/\/colemont.lt\/en\/wp-json\/wp\/v2\/product_tag?post=17490"}],"curies":[{"name":"wp","href":"https:\/\/api.w.org\/{rel}","templated":true}]}}