{"id":17364,"date":"2016-12-22T10:53:11","date_gmt":"2016-12-22T12:53:11","guid":{"rendered":"http:\/\/colemont.lt\/?post_type=product&#038;p=17364"},"modified":"2018-08-08T07:36:21","modified_gmt":"2018-08-08T07:36:21","slug":"product-recall","status":"publish","type":"product","link":"https:\/\/colemont.lt\/en\/product\/product-recall\/","title":{"rendered":"Product Recall Insurance"},"content":{"rendered":"<h3>Insurance coverage<\/h3>\n<p>&nbsp;<\/p>\n<ul>\n<li>Free 24\/7 crisis helpline for Policyholders provided by \u201aLloyd\u2018s\u2018 professionals.<\/li>\n<li>Product manufacturer and partner recall expenses (product return, transportation, replacing, administrating, liquidating costs).<\/li>\n<li>Insured\u2018s loss of gross profit<\/li>\n<li>Third Party loss of profit<\/li>\n<li>Brand rehabilitation costs<\/li>\n<li>Retailer\u2018s expenses<\/li>\n<\/ul>\n<p>&nbsp;<\/p>\n<h3>Claim examples<\/h3>\n<p>&nbsp;<\/p>\n<ul>\n<li>Traces of salmonella have been found in snack manufacturer\u2018s products.<\/li>\n<li>Product investigation\/tests, transportation, liquidating, administrating costs and lost profit made EUR 1,000,000.<\/li>\n<li>Due to the event third party loss made EUR 700,500. Manufacturer\u2018s loss made EUR 1,700,500.<\/li>\n<li>Product investigation, transportation, liquidating and administrating costs and lost profit made EUR 900,000.<\/li>\n<li>Third Party had a loss of EUR 300,000.<\/li>\n<li>Total amount of loss \u2013 EUR 1,200,000<\/li>\n<li>Canned food product manufacturer experienced a product recall due to improper packaging of the product.<\/li>\n<li>Investigation, product liquidation, packaging replacing, return to the store, administrating costs and lost profit made EUR 1,800,000.<\/li>\n<li>Third Party loss \u2013 EUR 760,000. Total amount of loss \u2013 EUR 2,560,000.<\/li>\n<\/ul>\n","protected":false},"excerpt":{"rendered":"<p>Product recall incidents relating to product contamination and food safety continue to have a high profile in the media and the public eye.<\/p>\n<p>D\u0117l atsitiktinio ar ty\u010dinio produkto at\u0161aukimo gali atsirasti dideli\u0173 finansini\u0173 nuostoli\u0173 tiek gamintojams, tiek ir j\u0173 partneriams. D\u0117l vieno incidento kil\u0119 nuostoliai gali sustabdyti ar visi\u0161kai nuotraukti \u012fmon\u0117s veikl\u0105 bei nepataisomai sunaikinti reputacij\u0105.\u00a0\u0160ias problemas gali i\u0161spr\u0119sti produkto at\u0161aukimo i\u0161 rinkos draudimas.<\/p>\n","protected":false},"featured_media":332,"template":"","meta":{"_acf_changed":false,"content-type":"","inline_featured_image":false},"product_brand":[],"product_cat":[371,446],"product_tag":[],"class_list":{"0":"post-17364","1":"product","2":"type-product","3":"status-publish","4":"has-post-thumbnail","6":"product_cat-sales","7":"product_cat-uncategorized-en","9":"first","10":"instock","11":"sale","12":"shipping-taxable","13":"purchasable","14":"product-type-simple"},"acf":[],"yoast_head":"<!-- This site is optimized with the Yoast SEO plugin v24.2 - https:\/\/yoast.com\/wordpress\/plugins\/seo\/ -->\n<title>Product Recall Insurance - Colemont<\/title>\n<meta name=\"robots\" content=\"index, follow, max-snippet:-1, max-image-preview:large, max-video-preview:-1\" \/>\n<link rel=\"canonical\" href=\"https:\/\/colemont.lt\/en\/product\/product-recall\/\" \/>\n<meta property=\"og:locale\" content=\"en_US\" \/>\n<meta property=\"og:type\" content=\"article\" \/>\n<meta property=\"og:title\" content=\"Product Recall Insurance - Colemont\" \/>\n<meta property=\"og:description\" content=\"Product recall incidents relating to product contamination and food safety continue to have a high profile in the media and the public eye.  D\u0117l atsitiktinio ar ty\u010dinio produkto at\u0161aukimo gali atsirasti dideli\u0173 finansini\u0173 nuostoli\u0173 tiek gamintojams, tiek ir j\u0173 partneriams. D\u0117l vieno incidento kil\u0119 nuostoliai gali sustabdyti ar visi\u0161kai nuotraukti \u012fmon\u0117s veikl\u0105 bei nepataisomai sunaikinti reputacij\u0105.\u00a0\u0160ias problemas gali i\u0161spr\u0119sti produkto at\u0161aukimo i\u0161 rinkos draudimas.\" \/>\n<meta property=\"og:url\" content=\"https:\/\/colemont.lt\/en\/product\/product-recall\/\" \/>\n<meta property=\"og:site_name\" content=\"Colemont\" \/>\n<meta property=\"article:publisher\" content=\"https:\/\/www.facebook.com\/Colemont-Draudimo-Brokeris-1210664089020340\/\" \/>\n<meta property=\"article:modified_time\" content=\"2018-08-08T07:36:21+00:00\" \/>\n<meta property=\"og:image\" content=\"https:\/\/colemont.lt\/wp-content\/uploads\/2016\/11\/stop.jpg\" \/>\n\t<meta property=\"og:image:width\" content=\"840\" \/>\n\t<meta property=\"og:image:height\" content=\"630\" \/>\n\t<meta property=\"og:image:type\" content=\"image\/jpeg\" \/>\n<script type=\"application\/ld+json\" class=\"yoast-schema-graph\">{\"@context\":\"https:\/\/schema.org\",\"@graph\":[{\"@type\":\"WebPage\",\"@id\":\"https:\/\/colemont.lt\/en\/product\/product-recall\/\",\"url\":\"https:\/\/colemont.lt\/en\/product\/product-recall\/\",\"name\":\"Product Recall Insurance - Colemont\",\"isPartOf\":{\"@id\":\"https:\/\/colemont.lt\/en\/#website\"},\"primaryImageOfPage\":{\"@id\":\"https:\/\/colemont.lt\/en\/product\/product-recall\/#primaryimage\"},\"image\":{\"@id\":\"https:\/\/colemont.lt\/en\/product\/product-recall\/#primaryimage\"},\"thumbnailUrl\":\"https:\/\/colemont.lt\/wp-content\/uploads\/2016\/11\/stop.jpg\",\"datePublished\":\"2016-12-22T12:53:11+00:00\",\"dateModified\":\"2018-08-08T07:36:21+00:00\",\"breadcrumb\":{\"@id\":\"https:\/\/colemont.lt\/en\/product\/product-recall\/#breadcrumb\"},\"inLanguage\":\"en-US\",\"potentialAction\":[{\"@type\":\"ReadAction\",\"target\":[\"https:\/\/colemont.lt\/en\/product\/product-recall\/\"]}]},{\"@type\":\"ImageObject\",\"inLanguage\":\"en-US\",\"@id\":\"https:\/\/colemont.lt\/en\/product\/product-recall\/#primaryimage\",\"url\":\"https:\/\/colemont.lt\/wp-content\/uploads\/2016\/11\/stop.jpg\",\"contentUrl\":\"https:\/\/colemont.lt\/wp-content\/uploads\/2016\/11\/stop.jpg\",\"width\":840,\"height\":630,\"caption\":\"Colemont Produkto at\u0161aukimo draudimas\"},{\"@type\":\"BreadcrumbList\",\"@id\":\"https:\/\/colemont.lt\/en\/product\/product-recall\/#breadcrumb\",\"itemListElement\":[{\"@type\":\"ListItem\",\"position\":1,\"name\":\"Home\",\"item\":\"https:\/\/colemont.lt\/en\/\"},{\"@type\":\"ListItem\",\"position\":2,\"name\":\"Shop\",\"item\":\"https:\/\/colemont.lt\/en\/shop\/\"},{\"@type\":\"ListItem\",\"position\":3,\"name\":\"Product Recall Insurance\"}]},{\"@type\":\"WebSite\",\"@id\":\"https:\/\/colemont.lt\/en\/#website\",\"url\":\"https:\/\/colemont.lt\/en\/\",\"name\":\"Colemont\",\"description\":\"UADBB \u201cColemont draudimo brokeris\u201d\",\"potentialAction\":[{\"@type\":\"SearchAction\",\"target\":{\"@type\":\"EntryPoint\",\"urlTemplate\":\"https:\/\/colemont.lt\/en\/?s={search_term_string}\"},\"query-input\":{\"@type\":\"PropertyValueSpecification\",\"valueRequired\":true,\"valueName\":\"search_term_string\"}}],\"inLanguage\":\"en-US\"}]}<\/script>\n<!-- \/ Yoast SEO plugin. -->","yoast_head_json":{"title":"Product Recall Insurance - Colemont","robots":{"index":"index","follow":"follow","max-snippet":"max-snippet:-1","max-image-preview":"max-image-preview:large","max-video-preview":"max-video-preview:-1"},"canonical":"https:\/\/colemont.lt\/en\/product\/product-recall\/","og_locale":"en_US","og_type":"article","og_title":"Product Recall Insurance - Colemont","og_description":"Product recall incidents relating to product contamination and food safety continue to have a high profile in the media and the public eye.  D\u0117l atsitiktinio ar ty\u010dinio produkto at\u0161aukimo gali atsirasti dideli\u0173 finansini\u0173 nuostoli\u0173 tiek gamintojams, tiek ir j\u0173 partneriams. D\u0117l vieno incidento kil\u0119 nuostoliai gali sustabdyti ar visi\u0161kai nuotraukti \u012fmon\u0117s veikl\u0105 bei nepataisomai sunaikinti reputacij\u0105.\u00a0\u0160ias problemas gali i\u0161spr\u0119sti produkto at\u0161aukimo i\u0161 rinkos draudimas.","og_url":"https:\/\/colemont.lt\/en\/product\/product-recall\/","og_site_name":"Colemont","article_publisher":"https:\/\/www.facebook.com\/Colemont-Draudimo-Brokeris-1210664089020340\/","article_modified_time":"2018-08-08T07:36:21+00:00","og_image":[{"width":840,"height":630,"url":"https:\/\/colemont.lt\/wp-content\/uploads\/2016\/11\/stop.jpg","type":"image\/jpeg"}],"schema":{"@context":"https:\/\/schema.org","@graph":[{"@type":"WebPage","@id":"https:\/\/colemont.lt\/en\/product\/product-recall\/","url":"https:\/\/colemont.lt\/en\/product\/product-recall\/","name":"Product Recall Insurance - Colemont","isPartOf":{"@id":"https:\/\/colemont.lt\/en\/#website"},"primaryImageOfPage":{"@id":"https:\/\/colemont.lt\/en\/product\/product-recall\/#primaryimage"},"image":{"@id":"https:\/\/colemont.lt\/en\/product\/product-recall\/#primaryimage"},"thumbnailUrl":"https:\/\/colemont.lt\/wp-content\/uploads\/2016\/11\/stop.jpg","datePublished":"2016-12-22T12:53:11+00:00","dateModified":"2018-08-08T07:36:21+00:00","breadcrumb":{"@id":"https:\/\/colemont.lt\/en\/product\/product-recall\/#breadcrumb"},"inLanguage":"en-US","potentialAction":[{"@type":"ReadAction","target":["https:\/\/colemont.lt\/en\/product\/product-recall\/"]}]},{"@type":"ImageObject","inLanguage":"en-US","@id":"https:\/\/colemont.lt\/en\/product\/product-recall\/#primaryimage","url":"https:\/\/colemont.lt\/wp-content\/uploads\/2016\/11\/stop.jpg","contentUrl":"https:\/\/colemont.lt\/wp-content\/uploads\/2016\/11\/stop.jpg","width":840,"height":630,"caption":"Colemont Produkto at\u0161aukimo draudimas"},{"@type":"BreadcrumbList","@id":"https:\/\/colemont.lt\/en\/product\/product-recall\/#breadcrumb","itemListElement":[{"@type":"ListItem","position":1,"name":"Home","item":"https:\/\/colemont.lt\/en\/"},{"@type":"ListItem","position":2,"name":"Shop","item":"https:\/\/colemont.lt\/en\/shop\/"},{"@type":"ListItem","position":3,"name":"Product Recall Insurance"}]},{"@type":"WebSite","@id":"https:\/\/colemont.lt\/en\/#website","url":"https:\/\/colemont.lt\/en\/","name":"Colemont","description":"UADBB \u201cColemont draudimo brokeris\u201d","potentialAction":[{"@type":"SearchAction","target":{"@type":"EntryPoint","urlTemplate":"https:\/\/colemont.lt\/en\/?s={search_term_string}"},"query-input":{"@type":"PropertyValueSpecification","valueRequired":true,"valueName":"search_term_string"}}],"inLanguage":"en-US"}]}},"_links":{"self":[{"href":"https:\/\/colemont.lt\/en\/wp-json\/wp\/v2\/product\/17364","targetHints":{"allow":["GET"]}}],"collection":[{"href":"https:\/\/colemont.lt\/en\/wp-json\/wp\/v2\/product"}],"about":[{"href":"https:\/\/colemont.lt\/en\/wp-json\/wp\/v2\/types\/product"}],"wp:featuredmedia":[{"embeddable":true,"href":"https:\/\/colemont.lt\/en\/wp-json\/wp\/v2\/media\/332"}],"wp:attachment":[{"href":"https:\/\/colemont.lt\/en\/wp-json\/wp\/v2\/media?parent=17364"}],"wp:term":[{"taxonomy":"product_brand","embeddable":true,"href":"https:\/\/colemont.lt\/en\/wp-json\/wp\/v2\/product_brand?post=17364"},{"taxonomy":"product_cat","embeddable":true,"href":"https:\/\/colemont.lt\/en\/wp-json\/wp\/v2\/product_cat?post=17364"},{"taxonomy":"product_tag","embeddable":true,"href":"https:\/\/colemont.lt\/en\/wp-json\/wp\/v2\/product_tag?post=17364"}],"curies":[{"name":"wp","href":"https:\/\/api.w.org\/{rel}","templated":true}]}}