{"id":17363,"date":"2016-09-29T06:34:23","date_gmt":"2016-09-29T03:34:23","guid":{"rendered":"http:\/\/colemont.lt\/?post_type=product&#038;p=17363"},"modified":"2018-08-08T07:33:10","modified_gmt":"2018-08-08T07:33:10","slug":"professional-indemnity","status":"publish","type":"product","link":"https:\/\/colemont.lt\/en\/product\/professional-indemnity\/","title":{"rendered":"Professional Indemnity Insurance"},"content":{"rendered":"<h3>Claim examples<\/h3>\n<p>&nbsp;<\/p>\n<ul>\n<li>The construction manager has received a claim from the customer for not properly fulfilled obligations: certain works carried out and orders fulfilled without prior coordination with the customer, price too high paid to contractors for work, late and careless accounting management, careless contractor&#8217;s work supervision, resulting in the poor quality of works, defective works accepted.\u00a0 The claim exceeded 35 thousand euros.<\/li>\n<li>IT (programming) services company received a claim, because the e-commerce program managers have been embroiled error which resulted in the sales price having been calculated lower than one indicated in the customer\u2018s pricing, so sales transactions occurred automatically. Claim is to cover the losses for the goods sold for the price too low.<\/li>\n<\/ul>\n<p>&nbsp;<\/p>\n<h3>Advantages<\/h3>\n<p>&nbsp;<\/p>\n<ul>\n<li>All activities of the company can be insured as well as liability arising from all the services rendered. (For example, if you provide bankruptcy administrator and accounting services, both activities are insured.)<\/li>\n<li>Coverage can be extended to include compulsory professional indemnity insurance coverage according to regulations and laws of the Republic of Lithuania (lawyers, bankruptcy administrators, auditors)<\/li>\n<li>All activities of the company can be insured, executed not only within Lithuania, but also worldwide (except USA and Canada).<\/li>\n<li>Legal defence costs compensated.<\/li>\n<li>Highest quality services in case of a claim: even 90% percent\u00a0 of claims are handled prior to court proceedings, this way it helps to save the company\u2018s reputation.<\/li>\n<\/ul>\n<p>&nbsp;<\/p>\n<p>&nbsp;<\/p>\n","protected":false},"excerpt":{"rendered":"<p>Professional liability insurance provides financial protection for companies or individuals, providing professional services, where the customer claims provider (might be alleged acts, unsubstantiated claim too) for improper services rendered or for any financial loss of your customer arising from the services rendered by you.<\/p>\n","protected":false},"featured_media":319,"template":"","meta":{"_acf_changed":false,"content-type":"","inline_featured_image":false},"product_brand":[],"product_cat":[408,357,365,359,377,381],"product_tag":[],"class_list":{"0":"post-17363","1":"product","2":"type-product","3":"status-publish","4":"has-post-thumbnail","6":"product_cat-construction","7":"product_cat-energetics","8":"product_cat-every-enterprise","9":"product_cat-finance","10":"product_cat-it-en","11":"product_cat-sports-entertainment","13":"first","14":"instock","15":"sale","16":"shipping-taxable","17":"purchasable","18":"product-type-simple"},"acf":[],"yoast_head":"<!-- This site is optimized with the Yoast SEO plugin v24.2 - https:\/\/yoast.com\/wordpress\/plugins\/seo\/ -->\n<title>Professional Indemnity Insurance - Colemont<\/title>\n<meta name=\"robots\" content=\"index, follow, max-snippet:-1, max-image-preview:large, max-video-preview:-1\" \/>\n<link rel=\"canonical\" href=\"https:\/\/colemont.lt\/en\/product\/professional-indemnity\/\" \/>\n<meta property=\"og:locale\" content=\"en_US\" \/>\n<meta property=\"og:type\" content=\"article\" \/>\n<meta property=\"og:title\" content=\"Professional Indemnity Insurance - Colemont\" \/>\n<meta property=\"og:description\" content=\"Professional liability insurance provides financial protection for companies or individuals, providing professional services, where the customer claims provider (might be alleged acts, unsubstantiated claim too) for improper services rendered or for any financial loss of your customer arising from the services rendered by you.\" \/>\n<meta property=\"og:url\" content=\"https:\/\/colemont.lt\/en\/product\/professional-indemnity\/\" \/>\n<meta property=\"og:site_name\" content=\"Colemont\" \/>\n<meta property=\"article:publisher\" content=\"https:\/\/www.facebook.com\/Colemont-Draudimo-Brokeris-1210664089020340\/\" \/>\n<meta property=\"article:modified_time\" content=\"2018-08-08T07:33:10+00:00\" \/>\n<meta property=\"og:image\" content=\"https:\/\/colemont.lt\/wp-content\/uploads\/2016\/09\/Profesine-civiline.jpg\" \/>\n\t<meta property=\"og:image:width\" content=\"840\" \/>\n\t<meta property=\"og:image:height\" content=\"630\" \/>\n\t<meta property=\"og:image:type\" content=\"image\/jpeg\" \/>\n<script type=\"application\/ld+json\" class=\"yoast-schema-graph\">{\"@context\":\"https:\/\/schema.org\",\"@graph\":[{\"@type\":\"WebPage\",\"@id\":\"https:\/\/colemont.lt\/en\/product\/professional-indemnity\/\",\"url\":\"https:\/\/colemont.lt\/en\/product\/professional-indemnity\/\",\"name\":\"Professional Indemnity Insurance - Colemont\",\"isPartOf\":{\"@id\":\"https:\/\/colemont.lt\/en\/#website\"},\"primaryImageOfPage\":{\"@id\":\"https:\/\/colemont.lt\/en\/product\/professional-indemnity\/#primaryimage\"},\"image\":{\"@id\":\"https:\/\/colemont.lt\/en\/product\/professional-indemnity\/#primaryimage\"},\"thumbnailUrl\":\"https:\/\/colemont.lt\/wp-content\/uploads\/2016\/09\/Profesine-civiline.jpg\",\"datePublished\":\"2016-09-29T03:34:23+00:00\",\"dateModified\":\"2018-08-08T07:33:10+00:00\",\"breadcrumb\":{\"@id\":\"https:\/\/colemont.lt\/en\/product\/professional-indemnity\/#breadcrumb\"},\"inLanguage\":\"en-US\",\"potentialAction\":[{\"@type\":\"ReadAction\",\"target\":[\"https:\/\/colemont.lt\/en\/product\/professional-indemnity\/\"]}]},{\"@type\":\"ImageObject\",\"inLanguage\":\"en-US\",\"@id\":\"https:\/\/colemont.lt\/en\/product\/professional-indemnity\/#primaryimage\",\"url\":\"https:\/\/colemont.lt\/wp-content\/uploads\/2016\/09\/Profesine-civiline.jpg\",\"contentUrl\":\"https:\/\/colemont.lt\/wp-content\/uploads\/2016\/09\/Profesine-civiline.jpg\",\"width\":840,\"height\":630,\"caption\":\"Colemont Profesin\u0117s civilin\u0117s atsakomyb\u0117s draudimas\"},{\"@type\":\"BreadcrumbList\",\"@id\":\"https:\/\/colemont.lt\/en\/product\/professional-indemnity\/#breadcrumb\",\"itemListElement\":[{\"@type\":\"ListItem\",\"position\":1,\"name\":\"Home\",\"item\":\"https:\/\/colemont.lt\/en\/\"},{\"@type\":\"ListItem\",\"position\":2,\"name\":\"Shop\",\"item\":\"https:\/\/colemont.lt\/en\/shop\/\"},{\"@type\":\"ListItem\",\"position\":3,\"name\":\"Professional Indemnity Insurance\"}]},{\"@type\":\"WebSite\",\"@id\":\"https:\/\/colemont.lt\/en\/#website\",\"url\":\"https:\/\/colemont.lt\/en\/\",\"name\":\"Colemont\",\"description\":\"UADBB \u201cColemont draudimo brokeris\u201d\",\"potentialAction\":[{\"@type\":\"SearchAction\",\"target\":{\"@type\":\"EntryPoint\",\"urlTemplate\":\"https:\/\/colemont.lt\/en\/?s={search_term_string}\"},\"query-input\":{\"@type\":\"PropertyValueSpecification\",\"valueRequired\":true,\"valueName\":\"search_term_string\"}}],\"inLanguage\":\"en-US\"}]}<\/script>\n<!-- \/ Yoast SEO plugin. -->","yoast_head_json":{"title":"Professional Indemnity Insurance - Colemont","robots":{"index":"index","follow":"follow","max-snippet":"max-snippet:-1","max-image-preview":"max-image-preview:large","max-video-preview":"max-video-preview:-1"},"canonical":"https:\/\/colemont.lt\/en\/product\/professional-indemnity\/","og_locale":"en_US","og_type":"article","og_title":"Professional Indemnity Insurance - Colemont","og_description":"Professional liability insurance provides financial protection for companies or individuals, providing professional services, where the customer claims provider (might be alleged acts, unsubstantiated claim too) for improper services rendered or for any financial loss of your customer arising from the services rendered by you.","og_url":"https:\/\/colemont.lt\/en\/product\/professional-indemnity\/","og_site_name":"Colemont","article_publisher":"https:\/\/www.facebook.com\/Colemont-Draudimo-Brokeris-1210664089020340\/","article_modified_time":"2018-08-08T07:33:10+00:00","og_image":[{"width":840,"height":630,"url":"https:\/\/colemont.lt\/wp-content\/uploads\/2016\/09\/Profesine-civiline.jpg","type":"image\/jpeg"}],"schema":{"@context":"https:\/\/schema.org","@graph":[{"@type":"WebPage","@id":"https:\/\/colemont.lt\/en\/product\/professional-indemnity\/","url":"https:\/\/colemont.lt\/en\/product\/professional-indemnity\/","name":"Professional Indemnity Insurance - Colemont","isPartOf":{"@id":"https:\/\/colemont.lt\/en\/#website"},"primaryImageOfPage":{"@id":"https:\/\/colemont.lt\/en\/product\/professional-indemnity\/#primaryimage"},"image":{"@id":"https:\/\/colemont.lt\/en\/product\/professional-indemnity\/#primaryimage"},"thumbnailUrl":"https:\/\/colemont.lt\/wp-content\/uploads\/2016\/09\/Profesine-civiline.jpg","datePublished":"2016-09-29T03:34:23+00:00","dateModified":"2018-08-08T07:33:10+00:00","breadcrumb":{"@id":"https:\/\/colemont.lt\/en\/product\/professional-indemnity\/#breadcrumb"},"inLanguage":"en-US","potentialAction":[{"@type":"ReadAction","target":["https:\/\/colemont.lt\/en\/product\/professional-indemnity\/"]}]},{"@type":"ImageObject","inLanguage":"en-US","@id":"https:\/\/colemont.lt\/en\/product\/professional-indemnity\/#primaryimage","url":"https:\/\/colemont.lt\/wp-content\/uploads\/2016\/09\/Profesine-civiline.jpg","contentUrl":"https:\/\/colemont.lt\/wp-content\/uploads\/2016\/09\/Profesine-civiline.jpg","width":840,"height":630,"caption":"Colemont Profesin\u0117s civilin\u0117s atsakomyb\u0117s draudimas"},{"@type":"BreadcrumbList","@id":"https:\/\/colemont.lt\/en\/product\/professional-indemnity\/#breadcrumb","itemListElement":[{"@type":"ListItem","position":1,"name":"Home","item":"https:\/\/colemont.lt\/en\/"},{"@type":"ListItem","position":2,"name":"Shop","item":"https:\/\/colemont.lt\/en\/shop\/"},{"@type":"ListItem","position":3,"name":"Professional Indemnity Insurance"}]},{"@type":"WebSite","@id":"https:\/\/colemont.lt\/en\/#website","url":"https:\/\/colemont.lt\/en\/","name":"Colemont","description":"UADBB \u201cColemont draudimo brokeris\u201d","potentialAction":[{"@type":"SearchAction","target":{"@type":"EntryPoint","urlTemplate":"https:\/\/colemont.lt\/en\/?s={search_term_string}"},"query-input":{"@type":"PropertyValueSpecification","valueRequired":true,"valueName":"search_term_string"}}],"inLanguage":"en-US"}]}},"_links":{"self":[{"href":"https:\/\/colemont.lt\/en\/wp-json\/wp\/v2\/product\/17363","targetHints":{"allow":["GET"]}}],"collection":[{"href":"https:\/\/colemont.lt\/en\/wp-json\/wp\/v2\/product"}],"about":[{"href":"https:\/\/colemont.lt\/en\/wp-json\/wp\/v2\/types\/product"}],"wp:featuredmedia":[{"embeddable":true,"href":"https:\/\/colemont.lt\/en\/wp-json\/wp\/v2\/media\/319"}],"wp:attachment":[{"href":"https:\/\/colemont.lt\/en\/wp-json\/wp\/v2\/media?parent=17363"}],"wp:term":[{"taxonomy":"product_brand","embeddable":true,"href":"https:\/\/colemont.lt\/en\/wp-json\/wp\/v2\/product_brand?post=17363"},{"taxonomy":"product_cat","embeddable":true,"href":"https:\/\/colemont.lt\/en\/wp-json\/wp\/v2\/product_cat?post=17363"},{"taxonomy":"product_tag","embeddable":true,"href":"https:\/\/colemont.lt\/en\/wp-json\/wp\/v2\/product_tag?post=17363"}],"curies":[{"name":"wp","href":"https:\/\/api.w.org\/{rel}","templated":true}]}}