{"id":18580,"date":"2017-06-29T12:06:20","date_gmt":"2017-06-29T09:06:20","guid":{"rendered":"http:\/\/colemont.lt\/?page_id=18580"},"modified":"2025-10-01T16:25:03","modified_gmt":"2025-10-01T13:25:03","slug":"about-lloyds","status":"publish","type":"page","link":"https:\/\/colemont.lt\/en\/about-lloyds\/","title":{"rendered":"About Lloyd&#8217;s"},"content":{"rendered":"<div class=\"wpb-content-wrapper\"><p>[vc_row][vc_column][vc_row_inner][vc_column_inner width=&#8221;1\/2&#8243;][vc_column_text]<!--more--><br \/>\n<span style=\"color: #ff0000;\"><span style=\"color: #333333;\">Lloyd\u2019s is proposing to transfer certain EEA insurance policies to Lloyd\u2019s Brussels. The proposed transfer will not change terms and conditions of any policy, except that Lloyd\u2019s Brussels will become the insurer and Data Controller in respect of the transferred policies. Further information about the proposal (including whether it could affect your pre-transfer position), which policies are transferring, your rights and what you need to do can be found at\u00a0<a href=\"https:\/\/www.lloyds.com\/\" target=\"_blank\" rel=\"noopener\">lloyds.com\/brexittransfer<\/a><\/span><\/span><br \/>\n<!--more-->[\/vc_column_text][\/vc_column_inner][vc_column_inner el_class=&#8221;border-desktop&#8221; width=&#8221;1\/2&#8243;][vc_column_text]<img loading=\"lazy\" decoding=\"async\" class=\"alignnone wp-image-18572\" src=\"http:\/\/colemont.lt\/wp-content\/uploads\/2017\/06\/LLouds-of-London-financial-rating-Colemont.jpg\" alt=\"\" width=\"500\" height=\"111\" srcset=\"https:\/\/colemont.lt\/wp-content\/uploads\/2017\/06\/LLouds-of-London-financial-rating-Colemont.jpg 938w, https:\/\/colemont.lt\/wp-content\/uploads\/2017\/06\/LLouds-of-London-financial-rating-Colemont-600x133.jpg 600w, https:\/\/colemont.lt\/wp-content\/uploads\/2017\/06\/LLouds-of-London-financial-rating-Colemont-800x177.jpg 800w, https:\/\/colemont.lt\/wp-content\/uploads\/2017\/06\/LLouds-of-London-financial-rating-Colemont-768x170.jpg 768w\" sizes=\"auto, (max-width: 500px) 100vw, 500px\" \/><\/p>\n<p>Lloyd&#8217;s financial strength has been confirmed by all global rating agencies.[\/vc_column_text][\/vc_column_inner][\/vc_row_inner][vc_column_text css=&#8221;.vc_custom_1498740100128{padding-bottom: 30px !important;padding-left: 28px !important;}&#8221;]<\/p>\n<h3>What is a Coverholder?<\/h3>\n<hr \/>\n<p>[\/vc_column_text][vc_row_inner][vc_column_inner][vc_column_text css=&#8221;.vc_custom_1498740110564{padding-bottom: 30px !important;}&#8221;]\u201cCoverholder\u201d means a company or partnership authorised by a Lloyd\u2018s to enter into a contract or contracts of insurance to be in accordance with the terms of a Binding Authority.[\/vc_column_text][\/vc_column_inner][\/vc_row_inner][vc_column_text css=&#8221;.vc_custom_1498738861574{padding-bottom: 30px !important;padding-left: 28px !important;}&#8221;]<\/p>\n<h3>What is a Binding Authority?<\/h3>\n<hr \/>\n<p>[\/vc_column_text][vc_column_text css=&#8221;.vc_custom_1498803760872{padding-bottom: 30px !important;}&#8221;]A Binding Authority agreement gives a Coverholder the authority to issue insurance documents on behalf of Lloyd\u2019s syndicates. The Binding Authority agreement will also set out the Coverholder\u2019s other responsibilities, such as handling insurance monies or agreeing claims.<\/p>\n<p>The contract setting out the extent and terms of the Coverholder&#8217;s delegated authority is known as a Binding Authority.[\/vc_column_text][vc_column_text css=&#8221;.vc_custom_1498738952752{padding-bottom: 30px !important;padding-left: 28px !important;}&#8221;]<\/p>\n<h3>The role of the Coverholder<\/h3>\n<hr \/>\n<p>[\/vc_column_text][vc_column_text css=&#8221;.vc_custom_1498740144237{padding-bottom: 30px !important;}&#8221;]When a Lloyd\u2019s Managing Agent delegates its authority to an approved Coverholder under a Binding Authority, the approved Coverholder may enter into contracts of insurance and issue insurance documents as evidence that contracts of insurance have been accepted.<\/p>\n<p>An approved Coverholder will normally also be allowed to collect premiums, and may be allowed to\u00a0handle claims or perform other functions. The scope of its authority will be set out in the contract called the\u00a0Binding Authority agreement.<\/p>\n<p>To become a Coverholder at Lloyd&#8217;s the entity must be sponsored by a Managing Agent, and approved by Lloyd&#8217;s. Therefore the entity must meet certain standards to become an Approved Coverholder.[\/vc_column_text][vc_column_text css=&#8221;.vc_custom_1498739037881{padding-bottom: 30px !important;padding-left: 28px !important;}&#8221;]<\/p>\n<h3>Benefits of Coverholder arrangements<\/h3>\n<hr \/>\n<p>[\/vc_column_text][vc_column_text css=&#8221;.vc_custom_1581668827609{padding-bottom: 30px !important;}&#8221;]The Coverholder model is a proven and successful way of placing business with Lloyd\u2019s, providing benefits to each of the parties involved:<\/p>\n<ul>\n<li><strong>Benefits of being a Coverholder<\/strong><\/li>\n<\/ul>\n<p>Coverholders benefit from partnership with Lloyd\u2019s syndicates by gaining access to Lloyd\u2019s excellent brand, security and ratings, as well as access to experienced Underwriters and Brokers. Coverholders may therefore offer a wide range of specialist classes of business underwritten at Lloyd\u2019s, for example personal accident cover for sports people and specialty liability insurance.<\/p>\n<ul>\n<li><strong>Benefits of placing business with Lloyd\u2019s Coverholders<\/strong><\/li>\n<\/ul>\n<p>In addition to the above benefits, placing business with Coverholders provides a more cost effective means to access Lloyd\u2019s than on an open market basis.<\/p>\n<p>Lloyd\u2019s keeps a directory of all of its Coverholders which will tell you which Lloyd\u2019s Coverholders are approved in your country.<\/p>\n<p>Coverholder acting on behalf of Lloyd\u2019s Brussels (Lloyds\u2019s Insurance Company S.A.), a subsidiary of Lloyds\u2019 and authorised by the National Bank of Belgium.[\/vc_column_text][\/vc_column][\/vc_row][vc_row bg_check=&#8221;row-background-dark&#8221; dfd_bg_style=&#8221;image&#8221; dfd_bg_image_new=&#8221;17289&#8243; dfd_bg_image_repeat=&#8221;no-repeat&#8221; dfd_image_bg_color=&#8221;#002246&#8243; dfd_enable_overlay=&#8221;off&#8221; css=&#8221;.vc_custom_1498740410058{padding-top: 150px !important;padding-bottom: 150px !important;}&#8221;][vc_column][vc_column_text css=&#8221;.vc_custom_1498739359239{padding-bottom: 30px !important;padding-left: 28px !important;}&#8221;]<\/p>\n<h3>Complaints arrangments<\/h3>\n<hr \/>\n<p>[\/vc_column_text][vc_row_inner][vc_column_inner width=&#8221;2\/3&#8243;][vc_column_text css=&#8221;.vc_custom_1598878238866{padding-bottom: 50px !important;}&#8221;]Any complaint should be addressed to UADBB \u201eColemont draudimo brokeris\u201c.<\/p>\n<p>UADBB \u201cColemont draudimo brokeris\u201d<br \/>\nKonstitucijos ave. 26, LT-08105, Vilnius, Lithuania<br \/>\nCEO Giedrius \u010ciurinskas<br \/>\nTel: + 370 5 2109660<br \/>\nEmail: info@colemont.lt<\/p>\n<p>Your complaint will be acknowledged, in writing, within 5 (five) business days of the complaint being received. A decision on your complaint will be provided to you, in writing, within 14 (fourteen) calendar days of the complaint being received if you are a consumer and within 30 (thirty) calendar days of the complaint being received if you are not a consumer.<\/p>\n<p>Should you remain dissatisfied with the final response or if you have not received a final response within 14 (fourteen) or 30 (thirty) calendar days (as applicable) of the complaint being received, you may be eligible to refer your<\/p>\n<p>complaint to the Bank of Lithuania.<\/p>\n<p>The contact details are as follows:<\/p>\n<p>Bank of Lithuania, Supervision Service, \u017dirm\u016bn\u0173 g. 151, LT-09128 Vilnius, Lithuania<\/p>\n<p>Tel: +370 5 268 0029, Fax: +370 5 268 0038<\/p>\n<p>E-mail: info@lb.lt<\/p>\n<p>Website:<\/p>\n<p>www.lb.lt\/consumer_protection<\/p>\n<p>If you have purchased your contract online you may also make a complaint via the EU\u2019s online dispute resolution (ODR) platform.<\/p>\n<p>The website for the ODR platform is www.ec.europa.eu\/odr.<\/p>\n<p>The complaints handling arrangements above are without prejudice to your right to commence a legal action or an alternative dispute resolution proceeding in accordance with your contractual rights.<\/p>\n<p>LBS0041 01\/01\/2019<\/p>\n<p>PLEASE NOTE that the dates of the Sanctions hearing and the Effective Date have been changed. See Important updates:\u00a0<a href=\"https:\/\/www.lloyds.com\/brexit-transfer\" target=\"_blank\" rel=\"noopener\"><span style=\"color: #ffffff;\"><em>https:\/\/www.lloyds.com\/brexit-transfer<\/em><\/span><\/a>[\/vc_column_text][\/vc_column_inner][vc_column_inner width=&#8221;1\/3&#8243;]<div class=\"dfd-team-member layout-07 \" ><div class=\"image-wrap\"><img decoding=\"async\" src=\"https:\/\/colemont.lt\/wp-content\/uploads\/2023\/04\/Giedrius-Ciurinskas-Colemont-224x224-1-224x224.jpg\" alt=\"Giedrius \u010ciurinskas, Colemont, Direktorius\"  class=\"team-member-photo \"  \/><div class=\"overlay\" ><\/div><div class=\"title-wrap\"><div class=\"team-member-title feature-title\" style=\"\">Giedrius \u010ciurinskas<\/div><div class=\"team-member-subtitle subtitle\" style=\"\">Managing Director<\/div><div class=\"wrap-delimiter\"><div class=\"delimiter\" ><\/div><\/div><\/div><\/div><div class=\"content-wrap\"><div class=\"team-member-description\" style=\"\">Tel: +370 5 2109674<br \/>\nMob: +370 686 18769<br \/>\ngiedrius.ciurinskas@colemont.lt<\/div><div class=\"widget soc-icons dfd-soc-icons-hover-style-1\"><a href=\"https:\/\/lt.linkedin.com\/in\/giedrius-ciurinskas-6204a987\" class=\"soc_icon-linkedin\" target=\"_blank\"><span class=\"line-top-left soc_icon-linkedin\"><\/span><span class=\"line-top-center soc_icon-linkedin\"><\/span><span class=\"line-top-right soc_icon-linkedin\"><\/span><span class=\"line-bottom-left soc_icon-linkedin\"><\/span><span class=\"line-bottom-center soc_icon-linkedin\"><\/span><span class=\"line-bottom-right soc_icon-linkedin\"><\/span><i class=\"soc_icon-linkedin\"><\/i><\/a><\/div><\/div><\/div>[\/vc_column_inner][\/vc_row_inner][vc_row_inner][vc_column_inner][\/vc_column_inner][\/vc_row_inner][\/vc_column][\/vc_row]<\/p>\n<\/div>","protected":false},"excerpt":{"rendered":"<p>[vc_row][vc_column][vc_row_inner][vc_column_inner width=&#8221;1\/2&#8243;][vc_column_text]<\/p>\n","protected":false},"author":1,"featured_media":0,"parent":0,"menu_order":0,"comment_status":"closed","ping_status":"closed","template":"page-custom-with-header.php","meta":{"_acf_changed":false,"content-type":"","inline_featured_image":false,"footnotes":""},"class_list":["post-18580","page","type-page","status-publish","hentry"],"acf":[],"yoast_head":"<!-- This site is optimized with the Yoast SEO plugin v24.2 - https:\/\/yoast.com\/wordpress\/plugins\/seo\/ -->\n<title>LLoyd&#039;s partnership: Benefits of Coverholder arrangements<\/title>\n<meta name=\"description\" content=\"LLoyd&#039;s partnership. The Coverholder model is a proven and successful way of placing business with Lloyd\u2019s, providing benefits to each of the parties.\" \/>\n<meta name=\"robots\" content=\"index, follow, max-snippet:-1, max-image-preview:large, max-video-preview:-1\" \/>\n<link rel=\"canonical\" href=\"https:\/\/colemont.lt\/en\/about-lloyds\/\" \/>\n<meta property=\"og:locale\" content=\"en_US\" \/>\n<meta property=\"og:type\" content=\"article\" \/>\n<meta property=\"og:title\" content=\"LLoyd&#039;s partnership: Benefits of Coverholder arrangements\" \/>\n<meta property=\"og:description\" content=\"LLoyd&#039;s partnership. The Coverholder model is a proven and successful way of placing business with Lloyd\u2019s, providing benefits to each of the parties.\" \/>\n<meta property=\"og:url\" content=\"https:\/\/colemont.lt\/en\/about-lloyds\/\" \/>\n<meta property=\"og:site_name\" content=\"Colemont\" \/>\n<meta property=\"article:publisher\" content=\"https:\/\/www.facebook.com\/Colemont-Draudimo-Brokeris-1210664089020340\/\" \/>\n<meta property=\"article:modified_time\" content=\"2025-10-01T13:25:03+00:00\" \/>\n<meta property=\"og:image\" content=\"http:\/\/colemont.lt\/wp-content\/uploads\/2017\/06\/LLouds-of-London-financial-rating-Colemont.jpg\" \/>\n<script type=\"application\/ld+json\" class=\"yoast-schema-graph\">{\"@context\":\"https:\/\/schema.org\",\"@graph\":[{\"@type\":\"WebPage\",\"@id\":\"https:\/\/colemont.lt\/en\/about-lloyds\/\",\"url\":\"https:\/\/colemont.lt\/en\/about-lloyds\/\",\"name\":\"LLoyd's partnership: Benefits of Coverholder arrangements\",\"isPartOf\":{\"@id\":\"https:\/\/colemont.lt\/en\/#website\"},\"primaryImageOfPage\":{\"@id\":\"https:\/\/colemont.lt\/en\/about-lloyds\/#primaryimage\"},\"image\":{\"@id\":\"https:\/\/colemont.lt\/en\/about-lloyds\/#primaryimage\"},\"thumbnailUrl\":\"http:\/\/colemont.lt\/wp-content\/uploads\/2017\/06\/LLouds-of-London-financial-rating-Colemont.jpg\",\"datePublished\":\"2017-06-29T09:06:20+00:00\",\"dateModified\":\"2025-10-01T13:25:03+00:00\",\"description\":\"LLoyd's partnership. The Coverholder model is a proven and successful way of placing business with Lloyd\u2019s, providing benefits to each of the parties.\",\"breadcrumb\":{\"@id\":\"https:\/\/colemont.lt\/en\/about-lloyds\/#breadcrumb\"},\"inLanguage\":\"en-US\",\"potentialAction\":[{\"@type\":\"ReadAction\",\"target\":[\"https:\/\/colemont.lt\/en\/about-lloyds\/\"]}]},{\"@type\":\"ImageObject\",\"inLanguage\":\"en-US\",\"@id\":\"https:\/\/colemont.lt\/en\/about-lloyds\/#primaryimage\",\"url\":\"http:\/\/colemont.lt\/wp-content\/uploads\/2017\/06\/LLouds-of-London-financial-rating-Colemont.jpg\",\"contentUrl\":\"http:\/\/colemont.lt\/wp-content\/uploads\/2017\/06\/LLouds-of-London-financial-rating-Colemont.jpg\"},{\"@type\":\"BreadcrumbList\",\"@id\":\"https:\/\/colemont.lt\/en\/about-lloyds\/#breadcrumb\",\"itemListElement\":[{\"@type\":\"ListItem\",\"position\":1,\"name\":\"Home\",\"item\":\"https:\/\/colemont.lt\/en\/\"},{\"@type\":\"ListItem\",\"position\":2,\"name\":\"About Lloyd&#8217;s\"}]},{\"@type\":\"WebSite\",\"@id\":\"https:\/\/colemont.lt\/en\/#website\",\"url\":\"https:\/\/colemont.lt\/en\/\",\"name\":\"Colemont\",\"description\":\"UADBB \u201cColemont draudimo brokeris\u201d\",\"potentialAction\":[{\"@type\":\"SearchAction\",\"target\":{\"@type\":\"EntryPoint\",\"urlTemplate\":\"https:\/\/colemont.lt\/en\/?s={search_term_string}\"},\"query-input\":{\"@type\":\"PropertyValueSpecification\",\"valueRequired\":true,\"valueName\":\"search_term_string\"}}],\"inLanguage\":\"en-US\"}]}<\/script>\n<!-- \/ Yoast SEO plugin. -->","yoast_head_json":{"title":"LLoyd's partnership: Benefits of Coverholder arrangements","description":"LLoyd's partnership. The Coverholder model is a proven and successful way of placing business with Lloyd\u2019s, providing benefits to each of the parties.","robots":{"index":"index","follow":"follow","max-snippet":"max-snippet:-1","max-image-preview":"max-image-preview:large","max-video-preview":"max-video-preview:-1"},"canonical":"https:\/\/colemont.lt\/en\/about-lloyds\/","og_locale":"en_US","og_type":"article","og_title":"LLoyd's partnership: Benefits of Coverholder arrangements","og_description":"LLoyd's partnership. The Coverholder model is a proven and successful way of placing business with Lloyd\u2019s, providing benefits to each of the parties.","og_url":"https:\/\/colemont.lt\/en\/about-lloyds\/","og_site_name":"Colemont","article_publisher":"https:\/\/www.facebook.com\/Colemont-Draudimo-Brokeris-1210664089020340\/","article_modified_time":"2025-10-01T13:25:03+00:00","og_image":[{"url":"http:\/\/colemont.lt\/wp-content\/uploads\/2017\/06\/LLouds-of-London-financial-rating-Colemont.jpg","type":"","width":"","height":""}],"schema":{"@context":"https:\/\/schema.org","@graph":[{"@type":"WebPage","@id":"https:\/\/colemont.lt\/en\/about-lloyds\/","url":"https:\/\/colemont.lt\/en\/about-lloyds\/","name":"LLoyd's partnership: Benefits of Coverholder arrangements","isPartOf":{"@id":"https:\/\/colemont.lt\/en\/#website"},"primaryImageOfPage":{"@id":"https:\/\/colemont.lt\/en\/about-lloyds\/#primaryimage"},"image":{"@id":"https:\/\/colemont.lt\/en\/about-lloyds\/#primaryimage"},"thumbnailUrl":"http:\/\/colemont.lt\/wp-content\/uploads\/2017\/06\/LLouds-of-London-financial-rating-Colemont.jpg","datePublished":"2017-06-29T09:06:20+00:00","dateModified":"2025-10-01T13:25:03+00:00","description":"LLoyd's partnership. The Coverholder model is a proven and successful way of placing business with Lloyd\u2019s, providing benefits to each of the parties.","breadcrumb":{"@id":"https:\/\/colemont.lt\/en\/about-lloyds\/#breadcrumb"},"inLanguage":"en-US","potentialAction":[{"@type":"ReadAction","target":["https:\/\/colemont.lt\/en\/about-lloyds\/"]}]},{"@type":"ImageObject","inLanguage":"en-US","@id":"https:\/\/colemont.lt\/en\/about-lloyds\/#primaryimage","url":"http:\/\/colemont.lt\/wp-content\/uploads\/2017\/06\/LLouds-of-London-financial-rating-Colemont.jpg","contentUrl":"http:\/\/colemont.lt\/wp-content\/uploads\/2017\/06\/LLouds-of-London-financial-rating-Colemont.jpg"},{"@type":"BreadcrumbList","@id":"https:\/\/colemont.lt\/en\/about-lloyds\/#breadcrumb","itemListElement":[{"@type":"ListItem","position":1,"name":"Home","item":"https:\/\/colemont.lt\/en\/"},{"@type":"ListItem","position":2,"name":"About Lloyd&#8217;s"}]},{"@type":"WebSite","@id":"https:\/\/colemont.lt\/en\/#website","url":"https:\/\/colemont.lt\/en\/","name":"Colemont","description":"UADBB \u201cColemont draudimo brokeris\u201d","potentialAction":[{"@type":"SearchAction","target":{"@type":"EntryPoint","urlTemplate":"https:\/\/colemont.lt\/en\/?s={search_term_string}"},"query-input":{"@type":"PropertyValueSpecification","valueRequired":true,"valueName":"search_term_string"}}],"inLanguage":"en-US"}]}},"_links":{"self":[{"href":"https:\/\/colemont.lt\/en\/wp-json\/wp\/v2\/pages\/18580","targetHints":{"allow":["GET"]}}],"collection":[{"href":"https:\/\/colemont.lt\/en\/wp-json\/wp\/v2\/pages"}],"about":[{"href":"https:\/\/colemont.lt\/en\/wp-json\/wp\/v2\/types\/page"}],"author":[{"embeddable":true,"href":"https:\/\/colemont.lt\/en\/wp-json\/wp\/v2\/users\/1"}],"replies":[{"embeddable":true,"href":"https:\/\/colemont.lt\/en\/wp-json\/wp\/v2\/comments?post=18580"}],"version-history":[{"count":3,"href":"https:\/\/colemont.lt\/en\/wp-json\/wp\/v2\/pages\/18580\/revisions"}],"predecessor-version":[{"id":22524,"href":"https:\/\/colemont.lt\/en\/wp-json\/wp\/v2\/pages\/18580\/revisions\/22524"}],"wp:attachment":[{"href":"https:\/\/colemont.lt\/en\/wp-json\/wp\/v2\/media?parent=18580"}],"curies":[{"name":"wp","href":"https:\/\/api.w.org\/{rel}","templated":true}]}}